{"id":122,"date":"2025-04-11T15:48:41","date_gmt":"2025-04-11T15:48:41","guid":{"rendered":"https:\/\/bolyai.ro\/olimpiasz-magyar\/?page_id=122"},"modified":"2025-04-15T11:35:36","modified_gmt":"2025-04-15T11:35:36","slug":"regi-ujsag","status":"publish","type":"page","link":"https:\/\/bolyai.ro\/olimpiasz\/magyar\/regi-ujsag\/","title":{"rendered":"R\u00e9gi \u00fajs\u00e1g"},"content":{"rendered":"\n<h2 class=\"wp-block-heading\">R\u00e9gi \u00fajs\u00e1g<\/h2>\n\n\n\n<p><iframe loading=\"lazy\" src=\"https:\/\/bolyai.ro\/olimpiasz\/magyar\/wp-content\/uploads\/2025\/04\/2011_Mikes_Fuzet.pdf\" width=\"100%\" height=\"920px\" type=\"application\/pdf\"><\/iframe><a href=\"https:\/\/bolyai.ro\/olimpiasz\/magyar\/wp-content\/uploads\/2025\/04\/2011_Mikes_Fuzet.pdf\" target=\"_blank\">Megnyit\u00e1s \u00faj lapon<\/a><\/p>\n","protected":false},"excerpt":{"rendered":"<p>R\u00e9gi \u00fajs\u00e1g Megnyit\u00e1s \u00faj lapon<\/p>\n","protected":false},"author":2,"featured_media":0,"parent":0,"menu_order":0,"comment_status":"closed","ping_status":"closed","template":"","meta":{"_kad_blocks_custom_css":"","_kad_blocks_head_custom_js":"","_kad_blocks_body_custom_js":"","_kad_blocks_footer_custom_js":"","_kadence_starter_templates_imported_post":false,"_kad_post_transparent":"","_kad_post_title":"","_kad_post_layout":"","_kad_post_sidebar_id":"","_kad_post_content_style":"","_kad_post_vertical_padding":"","_kad_post_feature":"","_kad_post_feature_position":"","_kad_post_header":false,"_kad_post_footer":false,"footnotes":""},"class_list":["post-122","page","type-page","status-publish","hentry"],"taxonomy_info":[],"featured_image_src_large":false,"author_info":{"display_name":"T\u00fcnde","author_link":"https:\/\/bolyai.ro\/olimpiasz\/magyar\/author\/tunde\/"},"comment_info":0,"_links":{"self":[{"href":"https:\/\/bolyai.ro\/olimpiasz\/magyar\/wp-json\/wp\/v2\/pages\/122","targetHints":{"allow":["GET"]}}],"collection":[{"href":"https:\/\/bolyai.ro\/olimpiasz\/magyar\/wp-json\/wp\/v2\/pages"}],"about":[{"href":"https:\/\/bolyai.ro\/olimpiasz\/magyar\/wp-json\/wp\/v2\/types\/page"}],"author":[{"embeddable":true,"href":"https:\/\/bolyai.ro\/olimpiasz\/magyar\/wp-json\/wp\/v2\/users\/2"}],"replies":[{"embeddable":true,"href":"https:\/\/bolyai.ro\/olimpiasz\/magyar\/wp-json\/wp\/v2\/comments?post=122"}],"version-history":[{"count":5,"href":"https:\/\/bolyai.ro\/olimpiasz\/magyar\/wp-json\/wp\/v2\/pages\/122\/revisions"}],"predecessor-version":[{"id":588,"href":"https:\/\/bolyai.ro\/olimpiasz\/magyar\/wp-json\/wp\/v2\/pages\/122\/revisions\/588"}],"wp:attachment":[{"href":"https:\/\/bolyai.ro\/olimpiasz\/magyar\/wp-json\/wp\/v2\/media?parent=122"}],"curies":[{"name":"wp","href":"https:\/\/api.w.org\/{rel}","templated":true}]}}