{"id":19,"date":"2025-04-03T09:08:16","date_gmt":"2025-04-03T09:08:16","guid":{"rendered":"https:\/\/bolyai.ro\/olimpiasz\/?page_id=15"},"modified":"2025-04-24T16:45:49","modified_gmt":"2025-04-24T16:45:49","slug":"szervezo-bizottsag","status":"publish","type":"page","link":"https:\/\/bolyai.ro\/olimpiasz\/magyar\/szervezo-bizottsag\/","title":{"rendered":"Szervez\u0151 bizotts\u00e1g"},"content":{"rendered":"\n<h2 class=\"wp-block-heading\">A megyei szervez\u0151bizotts\u00e1g<\/h2>\n\n\n\n<h3 class=\"wp-block-heading\" style=\"margin-top:3px;margin-bottom:3px\">A bizotts\u00e1g eln\u00f6ke<\/h3>\n\n\n\n<p style=\"margin-top:3px;margin-bottom:3px\">Antal Levente-Mih\u00e1ly, Maros Megyei Tanfel\u00fcgyel\u0151s\u00e9g<\/p>\n\n\n\n<h3 class=\"wp-block-heading\" style=\"margin-top:6px;margin-bottom:6px\">A bizotts\u00e1g aleln\u00f6kei<\/h3>\n\n\n\n<p style=\"margin-top:3px;margin-bottom:3px\">Kiss T\u00fcnde, Maros Megyei Tanfel\u00fcgyel\u0151s\u00e9g<\/p>\n\n\n\n<p style=\"margin-top:3px;margin-bottom:3px\">Hajd\u00fa Zolt\u00e1n, Bolyai Farkas Elm\u00e9leti L\u00edceum<\/p>\n\n\n\n<h3 class=\"wp-block-heading\" style=\"margin-top:6px;margin-bottom:6px\">A bizotts\u00e1g titk\u00e1ra<\/h3>\n\n\n\n<p style=\"margin-top:3px;margin-bottom:3px\">Fekete Erzs\u00e9bet-No\u00e9mi, Bolyai Farkas Elm\u00e9leti L\u00edceum<\/p>\n\n\n\n<h3 class=\"wp-block-heading\" style=\"margin-top:12px;margin-bottom:12px\">A bizotts\u00e1g tagjai<\/h3>\n\n\n\n<p style=\"margin-top:3px;margin-bottom:3px\">Dr. Fejes R\u00e9ka, Maros Megyei Tanfel\u00fcgyel\u0151s\u00e9g<\/p>\n\n\n\n<p style=\"margin-top:3px;margin-bottom:3px\">Dr. Irsai Izabella, Maros Megyei Tanfel\u00fcgyel\u0151s\u00e9g<\/p>\n\n\n\n<p style=\"margin-top:3px;margin-bottom:3px\">Kov\u00e1cs J\u00falia, Maros Megyei Tanfel\u00fcgyel\u0151s\u00e9g<\/p>\n\n\n\n<p style=\"margin-top:3px;margin-bottom:3px\">Jakab Irma T\u00fcnde, Bolyai Farkas Elm\u00e9leti L\u00edceum<\/p>\n\n\n\n<p style=\"margin-top:3px;margin-bottom:3px\">Sik\u00f3 Olga Anna, Bolyai Farkas Elm\u00e9leti L\u00edceum<\/p>\n\n\n\n<p style=\"margin-top:3px;margin-bottom:3px\">Sikl\u00f3di Be\u00e1ta, Bolyai Farkas Elm\u00e9leti L\u00edceum<\/p>\n\n\n\n<p style=\"margin-top:3px;margin-bottom:3px\">Szak\u00e1cs M\u00e1ty\u00e1si T\u00edmea, Bolyai Farkas Elm\u00e9leti L\u00edceum<\/p>\n\n\n\n<p style=\"margin-top:3px;margin-bottom:3px\">Dr. Gy\u00f6rgy Andrea, Bolyai Farkas Elm\u00e9leti L\u00edceum<\/p>\n\n\n\n<p style=\"margin-top:3px;margin-bottom:3px\">Sz\u00e1sz Hunor, Bolyai Farkas Elm\u00e9leti L\u00edceum<\/p>\n\n\n\n<p style=\"margin-top:3px;margin-bottom:3px\">Sz\u00e9kely Emese, Bolyai Farkas Elm\u00e9leti L\u00edceum<\/p>\n\n\n\n<p style=\"margin-top:3px;margin-bottom:3px\">Dr. K\u00e1lm\u00e1n Attila, Bolyai Farkas Elm\u00e9leti L\u00edceum<\/p>\n\n\n\n<p style=\"margin-top:3px;margin-bottom:3px\">Dr. Pusk\u00e1s Attila, Bolyai Farkas Elm\u00e9leti L\u00edceum<\/p>\n\n\n\n<p style=\"margin-top:3px;margin-bottom:3px\">M\u00e1rton Csilla, Reform\u00e1tus Koll\u00e9gium<\/p>\n\n\n\n<p style=\"margin-top:3px;margin-bottom:3px\">Veress Imola, Reform\u00e1tus Koll\u00e9gium<\/p>\n\n\n\n<p style=\"margin-top:3px;margin-bottom:3px\">Cs\u00edki No\u00e9mi, Kiss Gergely \u00c1ltal\u00e1nos Iskola<\/p>\n\n\n\n<p style=\"margin-top:3px;margin-bottom:3px\">Barab\u00e1s Zsuzs\u00e1nna, Sz\u00e1sz Adalbert Sportl\u00edceum<\/p>\n\n\n\n<p style=\"margin-top:3px;margin-bottom:3px\">Fodor Gy\u00f6ngyi, Mircea Eliade F\u0151gimn\u00e1zium<\/p>\n\n\n\n<p style=\"margin-top:3px;margin-bottom:3px\">Zsigmond Sz\u00e9kely Edit, Kem\u00e9ny J\u00e1nos \u00c1ltal\u00e1nos Iskola<\/p>\n\n\n\n<p style=\"margin-top:3px;margin-bottom:3px\">T\u00f3th M\u00e1ria Orsolya, Eur\u00f3pa Gimn\u00e1zium<\/p>\n\n\n\n<p style=\"margin-top:3px;margin-bottom:3px\">D\u00e9zsi Eleon\u00f3ra, M\u0171v\u00e9szeti F\u0151gimn\u00e1zium<\/p>\n\n\n\n<p style=\"margin-top:3px;margin-bottom:3px\">Szab\u00f3 Erzs\u00e9bet, M\u0171v\u00e9szeti F\u0151gimn\u00e1zium<\/p>\n\n\n\n<p style=\"margin-top:3px;margin-bottom:3px\">Vulk\u00e1n Vera T\u00fcnde, A. I. Cuza \u00c1ltal\u00e1nos Iskola<\/p>\n\n\n\n<p style=\"margin-top:3px;margin-bottom:3px\">Majl\u00e1th Gabriella, Liviu Rebreanu \u00c1ltal\u00e1nos Iskola<\/p>\n\n\n\n<p style=\"margin-top:3px;margin-bottom:3px\">Ny\u00e1r\u00e1di Eszter, Maroskereszt\u00fari \u00c1ltal\u00e1nos Iskola<\/p>\n\n\n\n<p style=\"margin-top:3px;margin-bottom:3px\">Albert-Buz\u00e1si Margit, Liviu Rebreanu \u00c1ltal\u00e1nos Iskola<\/p>\n\n\n\n<p style=\"margin-top:3px;margin-bottom:3px\">Vaida Oana Melinda, Marosszentkir\u00e1lyi \u00c1ltal\u00e1nos Iskola<\/p>\n\n\n\n<p style=\"margin-top:3px;margin-bottom:3px\">D\u00f3sa R\u00e9ka, Mez\u0151cs\u00e1v\u00e1si \u00c1ltal\u00e1nos Iskola<\/p>\n\n\n\n<p style=\"margin-top:3px;margin-bottom:3px\">M\u00f3zes S\u00e1ndor, Adorj\u00e1ni K\u00e1roly \u00c1ltal\u00e1nos Iskola<\/p>\n\n\n\n<p style=\"margin-top:3px;margin-bottom:3px\">D\u00e1niel Csaba Levente, Mez\u0151cs\u00e1v\u00e1si \u00c1ltal\u00e1nos Iskola<\/p>\n\n\n\n<p style=\"margin-top:3px;margin-bottom:3px\">Borb\u00e9ly Lajos, Apafi Mih\u00e1ly \u00c1ltal\u00e1nos Iskola<\/p>\n\n\n\n<p style=\"margin-top:3px;margin-bottom:3px\">Kis-Sz\u0151cs Karolina, Apafi Mih\u00e1ly \u00c1ltal\u00e1nos Iskola<\/p>\n\n\n\n<p style=\"margin-top:3px;margin-bottom:3px\">G\u00e1sp\u00e1r Melinda, Dacia \u00c1ltal\u00e1nos Iskola<\/p>\n\n\n\n<p style=\"margin-top:3px;margin-bottom:3px\">K\u00e1sa Gazda Barbara \u00c9va, Reform\u00e1tus Koll\u00e9gium<\/p>\n\n\n\n<p style=\"margin-top:3px;margin-bottom:3px\">K\u00e1ntor Emese, Tholdalagi Mih\u00e1ly \u00c1ltal\u00e1nos Iskola<\/p>\n\n\n\n<p style=\"margin-top:3px;margin-bottom:3px\">D\u00e1niel Brigitta Em\u0151ke, Havadi \u00c1ltal\u00e1nos Iskola<\/p>\n\n\n\n<p style=\"margin-top:3px;margin-bottom:3px\">D\u00e9nes Gizella J\u00falia, A. Ceau\u0219ianu \u00c1ltal\u00e1nos Iskola<\/p>\n\n\n\n<p style=\"margin-top:3px;margin-bottom:3px\">B\u00edr\u00f3 Emese Eszter, Teleki Domokos \u00c1ltal\u00e1nos Iskola<\/p>\n\n\n\n<p style=\"margin-top:3px;margin-bottom:3px\">T\u00f3th Domokos, Szent Gy\u00f6rgy Technol\u00f3giai L\u00edceum<\/p>\n\n\n\n<p style=\"margin-top:3px;margin-bottom:3px\">Fazakas T\u00edmea, Ny\u00e1r\u00e1dkar\u00e1csoni 1-es Sz\u00e1m\u00fa \u00c1ltal\u00e1nos Iskola<\/p>\n\n\n\n<p style=\"margin-top:3px;margin-bottom:3px\">Nagy G\u00e9za Szabolcs, Adorj\u00e1ni K\u00e1roly \u00c1ltal\u00e1nos Iskola<\/p>\n\n\n\n<p style=\"margin-top:3px;margin-bottom:3px\">S\u00e1ndor \u00c9va, Cs\u00edkfalvi \u00c1ltal\u00e1nos Iskola<\/p>\n\n\n\n<p style=\"margin-top:3px;margin-bottom:3px\">Hajdu S\u00e1ra-Zsuzsanna, Cs\u00edkfalvi \u00c1ltal\u00e1nos Iskola<\/p>\n\n\n\n<p style=\"margin-top:3px;margin-bottom:3px\">G\u00e1sp\u00e1r Judit, Liviu Rebreanu \u00c1ltal\u00e1nos Iskola<\/p>\n\n\n\n<p style=\"margin-top:3px;margin-bottom:3px\">V\u00e9szi Gabriella, Liviu Rebreanu \u00c1ltal\u00e1nos Iskola<\/p>\n\n\n\n<p style=\"margin-top:3px;margin-bottom:3px\">Balogh Erika, M\u0171v\u00e9szeti L\u00edceum<\/p>\n\n\n\n<p style=\"margin-top:3px;margin-bottom:3px\">Adorj\u00e1ni Alp\u00e1r, Tholdalagi Mih\u00e1ly \u00c1ltal\u00e1nos Iskola<\/p>\n\n\n\n<p style=\"margin-top:3px;margin-bottom:3px\">Nov\u00e1k Csaba, Tholdalagi Mih\u00e1ly \u00c1ltal\u00e1nos Iskola<\/p>\n\n\n\n<p style=\"margin-top:3px;margin-bottom:3px\">D\u00f3sa Ibolya, Tholdalagi Mih\u00e1ly \u00c1ltal\u00e1nos Iskola<\/p>\n\n\n\n<p style=\"margin-top:3px;margin-bottom:3px\">D\u00f3sa Zsuzsanna, T\u00f6r\u00f6k J\u00e1nos \u00c1ltal\u00e1nos Iskola<\/p>\n\n\n\n<p style=\"margin-top:3px;margin-bottom:3px\">Vajda J\u00f3zsef-Attila, T\u00f6r\u00f6k J\u00e1nos \u00c1ltal\u00e1nos Iskola<\/p>\n\n\n\n<p style=\"margin-top:3px;margin-bottom:3px\">Kecsk\u00e9s Attila, A. I. Cuza \u00c1ltal\u00e1nos Iskola<\/p>\n\n\n\n<p style=\"margin-top:3px;margin-bottom:3px\">Szal\u00f3 Anna, Bolyai Farkas Elm\u00e9leti L\u00edceum<\/p>\n\n\n\n<p style=\"margin-top:3px;margin-bottom:3px\">Antal Krisztina Fl\u00f3ra, Bolyai Farkas Elm\u00e9leti L\u00edceum<\/p>\n\n\n\n<p style=\"margin-top:3px;margin-bottom:3px\">Nagy Judit Em\u0151ke, Bolyai Farkas Elm\u00e9leti L\u00edceum<\/p>\n\n\n\n<p style=\"margin-top:3px;margin-bottom:3px\">Jo\u00f3 Erika, Bolyai Farkas Elm\u00e9leti L\u00edceum<\/p>\n\n\n\n<p style=\"margin-top:3px;margin-bottom:3px\">Falka Em\u0151ke, De\u00e1k Farkas \u00c1ltal\u00e1nos Iskola<\/p>\n\n\n\n<p style=\"margin-top:3px;margin-bottom:3px\">Farkas Bence, Gyulakuti \u00c1ltal\u00e1nos Iskola<\/p>\n\n\n\n<p style=\"margin-top:3px;margin-bottom:3px\">Iv\u00e1cson Brigitta Ingrid, Bolyai Farkas Elm\u00e9leti L\u00edceum<\/p>\n\n\n\n<p style=\"margin-top:3px;margin-bottom:3px\">Sz\u00e9kely Enik\u0151, Traian Vuia Szakk\u00e9pz\u0151 L\u00edceum<\/p>\n\n\n\n<p style=\"margin-top:3px;margin-bottom:3px\">L\u0151rincz Emese, Bolyai Farkas Elm\u00e9leti L\u00edceum<\/p>\n\n\n\n<p style=\"margin-top:3px;margin-bottom:3px\">Barab\u00e1s Enik\u0151, Petru Maior Koll\u00e9gium<\/p>\n\n\n\n<p style=\"margin-top:3px;margin-bottom:3px\">Antal Roz\u00e1lia, Petru Maior Koll\u00e9gium<\/p>\n\n\n\n<p style=\"margin-top:3px;margin-bottom:3px\">Sz\u00e1sz Ter\u00e9z, G\u00f6rg\u00e9ny\u00fcvegcs\u0171ri \u00c1ltal\u00e1nos Iskola<\/p>\n\n\n\n<p style=\"margin-top:3px;margin-bottom:3px\">Gy\u00f6rfi Iboica, Ny\u00e1r\u00e1dmagyar\u00f3si \u00c1ltal\u00e1nos Iskola<\/p>\n\n\n\n<p style=\"margin-top:3px;margin-bottom:3px\">Gy\u00f6rgy Em\u0151ke, Romulus Guga \u00c1ltal\u00e1nos Iskola<\/p>\n\n\n\n<p style=\"margin-top:3px;margin-bottom:3px\">Simon Imola Zsuzs\u00e1nna, Dr. Bern\u00e1dy Gy\u00f6rgy \u00c1ltal\u00e1nos Iskola<\/p>\n\n\n\n<p style=\"margin-top:3px;margin-bottom:3px\">Luka Levente L\u00e1szl\u00f3, Dr. Bern\u00e1dy Gy\u00f6rgy \u00c1ltal\u00e1nos Iskola<\/p>\n\n\n\n<p style=\"margin-top:3px;margin-bottom:3px\">Albert Ibolya, George Co\u0219buc \u00c1ltal\u00e1nos Iskola<\/p>\n\n\n\n<p style=\"margin-top:3px;margin-bottom:3px\">Sz\u00e1sz Gy\u00f6ngyike, George Co\u0219buc \u00c1ltal\u00e1nos Iskola<\/p>\n\n\n\n<p style=\"margin-top:3px;margin-bottom:3px\">S\u00fckei M\u00e1ria, Bolyai Farkas Elm\u00e9leti L\u00edceum<\/p>\n\n\n\n<p style=\"margin-top:3px;margin-bottom:3px\">G\u00e1ll Enik\u0151, Bolyai Farkas Elm\u00e9leti L\u00edceum<\/p>\n\n\n\n<p style=\"margin-top:3px;margin-bottom:3px\">\u0218uteu Zolt\u00e1n, Bolyai Farkas Elm\u00e9leti L\u00edceum<\/p>\n\n\n\n<p style=\"margin-top:3px;margin-bottom:3px\">Nagy Annam\u00e1ria, M\u0171v\u00e9szeti L\u00edceum<\/p>\n\n\n\n<p style=\"margin-top:3px;margin-bottom:3px\">Moln\u00e1r Zolt\u00e1n, Bolyai Farkas Elm\u00e9leti L\u00edceum<\/p>\n","protected":false},"excerpt":{"rendered":"<p>A megyei szervez\u0151bizotts\u00e1g A bizotts\u00e1g eln\u00f6ke Antal Levente-Mih\u00e1ly, Maros Megyei Tanfel\u00fcgyel\u0151s\u00e9g A bizotts\u00e1g aleln\u00f6kei Kiss T\u00fcnde, Maros Megyei Tanfel\u00fcgyel\u0151s\u00e9g Hajd\u00fa Zolt\u00e1n, Bolyai Farkas Elm\u00e9leti L\u00edceum A bizotts\u00e1g titk\u00e1ra Fekete Erzs\u00e9bet-No\u00e9mi, Bolyai Farkas Elm\u00e9leti L\u00edceum A bizotts\u00e1g tagjai Dr. Fejes R\u00e9ka, Maros Megyei Tanfel\u00fcgyel\u0151s\u00e9g Dr. Irsai Izabella, Maros Megyei Tanfel\u00fcgyel\u0151s\u00e9g Kov\u00e1cs J\u00falia, Maros Megyei Tanfel\u00fcgyel\u0151s\u00e9g Jakab&#8230;<\/p>\n","protected":false},"author":1,"featured_media":0,"parent":0,"menu_order":0,"comment_status":"closed","ping_status":"closed","template":"","meta":{"_kad_blocks_custom_css":"","_kad_blocks_head_custom_js":"","_kad_blocks_body_custom_js":"","_kad_blocks_footer_custom_js":"","_kadence_starter_templates_imported_post":false,"_kad_post_transparent":"","_kad_post_title":"","_kad_post_layout":"","_kad_post_sidebar_id":"","_kad_post_content_style":"","_kad_post_vertical_padding":"","_kad_post_feature":"","_kad_post_feature_position":"","_kad_post_header":false,"_kad_post_footer":false,"footnotes":""},"class_list":["post-19","page","type-page","status-publish","hentry"],"taxonomy_info":[],"featured_image_src_large":false,"author_info":{"display_name":"suport","author_link":"https:\/\/bolyai.ro\/olimpiasz\/magyar\/author\/suport\/"},"comment_info":0,"_links":{"self":[{"href":"https:\/\/bolyai.ro\/olimpiasz\/magyar\/wp-json\/wp\/v2\/pages\/19","targetHints":{"allow":["GET"]}}],"collection":[{"href":"https:\/\/bolyai.ro\/olimpiasz\/magyar\/wp-json\/wp\/v2\/pages"}],"about":[{"href":"https:\/\/bolyai.ro\/olimpiasz\/magyar\/wp-json\/wp\/v2\/types\/page"}],"author":[{"embeddable":true,"href":"https:\/\/bolyai.ro\/olimpiasz\/magyar\/wp-json\/wp\/v2\/users\/1"}],"replies":[{"embeddable":true,"href":"https:\/\/bolyai.ro\/olimpiasz\/magyar\/wp-json\/wp\/v2\/comments?post=19"}],"version-history":[{"count":6,"href":"https:\/\/bolyai.ro\/olimpiasz\/magyar\/wp-json\/wp\/v2\/pages\/19\/revisions"}],"predecessor-version":[{"id":564,"href":"https:\/\/bolyai.ro\/olimpiasz\/magyar\/wp-json\/wp\/v2\/pages\/19\/revisions\/564"}],"wp:attachment":[{"href":"https:\/\/bolyai.ro\/olimpiasz\/magyar\/wp-json\/wp\/v2\/media?parent=19"}],"curies":[{"name":"wp","href":"https:\/\/api.w.org\/{rel}","templated":true}]}}