{"id":34,"date":"2025-04-03T09:11:59","date_gmt":"2025-04-03T09:11:59","guid":{"rendered":"https:\/\/bolyai.ro\/olimpiasz\/?page_id=34"},"modified":"2025-04-24T18:08:49","modified_gmt":"2025-04-24T18:08:49","slug":"unnepelyes-megnyito","status":"publish","type":"page","link":"https:\/\/bolyai.ro\/olimpiasz\/magyar\/unnepelyes-megnyito\/","title":{"rendered":"\u00dcnnep\u00e9lyes megnyit\u00f3"},"content":{"rendered":"\n<h2 class=\"wp-block-heading\">Megnyit\u00f3 \u00fcnneps\u00e9g<\/h2>\n\n\n<style>.kb-row-layout-id34_d5640f-a3 > .kt-row-column-wrap{align-content:start;}:where(.kb-row-layout-id34_d5640f-a3 > .kt-row-column-wrap) > .wp-block-kadence-column{justify-content:start;}.kb-row-layout-id34_d5640f-a3 > .kt-row-column-wrap{column-gap:var(--global-kb-gap-md, 2rem);row-gap:var(--global-kb-gap-md, 2rem);padding-top:var(--global-kb-spacing-sm, 1.5rem);padding-bottom:var(--global-kb-spacing-sm, 1.5rem);grid-template-columns:minmax(0, 1fr);}.kb-row-layout-id34_d5640f-a3 > .kt-row-layout-overlay{opacity:0.30;}@media all and (max-width: 1024px){.kb-row-layout-id34_d5640f-a3 > .kt-row-column-wrap{grid-template-columns:minmax(0, 1fr);}}@media all and (max-width: 767px){.kb-row-layout-id34_d5640f-a3 > .kt-row-column-wrap{grid-template-columns:minmax(0, 1fr);}}<\/style><div class=\"kb-row-layout-wrap kb-row-layout-id34_d5640f-a3 alignnone wp-block-kadence-rowlayout\"><div class=\"kt-row-column-wrap kt-has-1-columns kt-row-layout-equal kt-tab-layout-inherit kt-mobile-layout-row kt-row-valign-top\">\n<style>.kadence-column34_0f0610-af > .kt-inside-inner-col,.kadence-column34_0f0610-af > .kt-inside-inner-col:before{border-top-left-radius:0px;border-top-right-radius:0px;border-bottom-right-radius:0px;border-bottom-left-radius:0px;}.kadence-column34_0f0610-af > .kt-inside-inner-col{column-gap:var(--global-kb-gap-sm, 1rem);}.kadence-column34_0f0610-af > .kt-inside-inner-col{flex-direction:column;}.kadence-column34_0f0610-af > .kt-inside-inner-col > .aligncenter{width:100%;}.kadence-column34_0f0610-af > .kt-inside-inner-col:before{opacity:0.3;}.kadence-column34_0f0610-af{position:relative;}@media all and (max-width: 1024px){.kadence-column34_0f0610-af > .kt-inside-inner-col{flex-direction:column;}}@media all and (max-width: 767px){.kadence-column34_0f0610-af > .kt-inside-inner-col{flex-direction:column;}}.kb-gallery-ul .kadence-blocks-gallery-item .kadence-blocks-gallery-item-inner figure:hover {\r    position: absolute;\r    width: 120%;\r    z-index: 10;\r    left: -10%;\r    top: -15px;\r    transition: 300ms all ease-in;\r    box-shadow: rgba(100, 100, 111, 0.2) 0px 7px 29px 0px;\r}\r\r.kb-gallery-ul .kadence-blocks-gallery-item .kadence-blocks-gallery-item-inner figure {\r    left: 0%;\r    top: 0%;\r    width: 100%;\r    box-shadow: none;\r}<\/style>\n<div class=\"wp-block-kadence-column kadence-column34_0f0610-af\"><div class=\"kt-inside-inner-col\"><style>.wp-block-kadence-advancedgallery .kb-gallery-type-grid.kb-gallery-id-34_0102f2-cc{margin:-5px;}.kb-gallery-type-grid.kb-gallery-id-34_0102f2-cc .kadence-blocks-gallery-item{padding:5px;}.kb-gallery-id-34_0102f2-cc .kadence-blocks-gallery-item .kb-gal-image-radius, .kb-gallery-id-34_0102f2-cc .kb-slide-item .kb-gal-image-radius img{border-radius:0px 0px 0px 0px;;}.wp-block-kadence-advancedgallery.kb-gallery-wrap-id-34_0102f2-cc{overflow:visible;}.kb-gallery-id-34_0102f2-cc .kadence-blocks-gallery-item .kb-gal-image-radius, .kb-gallery-id-34_0102f2-cc .kadence-blocks-gallery-thumb-item .kb-gal-image-radius{box-shadow:4px 2px 14px 0px rgba(0, 0, 0, 0.2);}.kb-gallery-id-34_0102f2-cc .kadence-blocks-gallery-item:hover .kb-gal-image-radius, .kb-gallery-id-34_0102f2-cc .kadence-blocks-gallery-thumb-item:hover .kb-gal-image-radius{box-shadow:4px 2px 14px 0px rgba(0, 0, 0, 0.2);}<\/style><div class=\"kb-gallery-wrap-id-34_0102f2-cc alignnone wp-block-kadence-advancedgallery\"><ul class=\"kb-gallery-ul kb-gallery-non-static kb-gallery-type-grid kb-gallery-id-34_0102f2-cc kb-gallery-caption-style-bottom-hover kb-gallery-filter-none\" data-image-filter=\"none\" data-item-selector=\".kadence-blocks-gallery-item\" data-lightbox-caption=\"true\" data-columns-xxl=\"4\" data-columns-xl=\"4\" data-columns-md=\"4\" data-columns-sm=\"3\" data-columns-xs=\"2\" data-columns-ss=\"2\"><li class=\"kadence-blocks-gallery-item\"><div class=\"kadence-blocks-gallery-item-inner\"><figure class=\"kb-gallery-figure kadence-blocks-gallery-item-hide-caption\" \"><div class=\"kb-gal-image-radius\"><div class=\"kb-gallery-image-contain kadence-blocks-gallery-intrinsic kb-gallery-image-ratio-land43 kb-has-image-ratio-land43\" ><img loading=\"lazy\" decoding=\"async\" src=\"https:\/\/bolyai.ro\/olimpiasz\/magyar\/wp-content\/uploads\/2025\/04\/m1-1-1024x683.jpg\" width=\"1024\" height=\"683\" alt=\"\" data-full-image=\"https:\/\/bolyai.ro\/olimpiasz\/magyar\/wp-content\/uploads\/2025\/04\/m1-1.jpg\" data-light-image=\"https:\/\/bolyai.ro\/olimpiasz\/magyar\/wp-content\/uploads\/2025\/04\/m1-1.jpg\" data-id=\"586\" class=\"wp-image-586\" srcset=\"https:\/\/bolyai.ro\/olimpiasz\/magyar\/wp-content\/uploads\/2025\/04\/m1-1-1024x683.jpg 1024w, https:\/\/bolyai.ro\/olimpiasz\/magyar\/wp-content\/uploads\/2025\/04\/m1-1-300x200.jpg 300w, https:\/\/bolyai.ro\/olimpiasz\/magyar\/wp-content\/uploads\/2025\/04\/m1-1-768x512.jpg 768w, https:\/\/bolyai.ro\/olimpiasz\/magyar\/wp-content\/uploads\/2025\/04\/m1-1-1536x1024.jpg 1536w, https:\/\/bolyai.ro\/olimpiasz\/magyar\/wp-content\/uploads\/2025\/04\/m1-1.jpg 2048w\" sizes=\"auto, (max-width: 1024px) 100vw, 1024px\" \/><\/div><\/div><\/figure><\/div><\/li><li class=\"kadence-blocks-gallery-item\"><div class=\"kadence-blocks-gallery-item-inner\"><figure class=\"kb-gallery-figure kadence-blocks-gallery-item-hide-caption\" \"><div class=\"kb-gal-image-radius\"><div class=\"kb-gallery-image-contain kadence-blocks-gallery-intrinsic kb-gallery-image-ratio-land43 kb-has-image-ratio-land43\" ><img loading=\"lazy\" decoding=\"async\" src=\"https:\/\/bolyai.ro\/olimpiasz\/magyar\/wp-content\/uploads\/2025\/04\/m2-1024x683.jpg\" width=\"1024\" height=\"683\" alt=\"\" data-full-image=\"https:\/\/bolyai.ro\/olimpiasz\/magyar\/wp-content\/uploads\/2025\/04\/m2.jpg\" data-light-image=\"https:\/\/bolyai.ro\/olimpiasz\/magyar\/wp-content\/uploads\/2025\/04\/m2.jpg\" data-id=\"570\" class=\"wp-image-570\" srcset=\"https:\/\/bolyai.ro\/olimpiasz\/magyar\/wp-content\/uploads\/2025\/04\/m2-1024x683.jpg 1024w, https:\/\/bolyai.ro\/olimpiasz\/magyar\/wp-content\/uploads\/2025\/04\/m2-300x200.jpg 300w, https:\/\/bolyai.ro\/olimpiasz\/magyar\/wp-content\/uploads\/2025\/04\/m2-768x512.jpg 768w, https:\/\/bolyai.ro\/olimpiasz\/magyar\/wp-content\/uploads\/2025\/04\/m2-1536x1024.jpg 1536w, https:\/\/bolyai.ro\/olimpiasz\/magyar\/wp-content\/uploads\/2025\/04\/m2.jpg 2048w\" sizes=\"auto, (max-width: 1024px) 100vw, 1024px\" \/><\/div><\/div><\/figure><\/div><\/li><li class=\"kadence-blocks-gallery-item\"><div class=\"kadence-blocks-gallery-item-inner\"><figure class=\"kb-gallery-figure kadence-blocks-gallery-item-hide-caption\" \"><div class=\"kb-gal-image-radius\"><div class=\"kb-gallery-image-contain kadence-blocks-gallery-intrinsic kb-gallery-image-ratio-land43 kb-has-image-ratio-land43\" ><img loading=\"lazy\" decoding=\"async\" src=\"https:\/\/bolyai.ro\/olimpiasz\/magyar\/wp-content\/uploads\/2025\/04\/m3-1024x683.jpg\" width=\"1024\" height=\"683\" alt=\"\" data-full-image=\"https:\/\/bolyai.ro\/olimpiasz\/magyar\/wp-content\/uploads\/2025\/04\/m3.jpg\" data-light-image=\"https:\/\/bolyai.ro\/olimpiasz\/magyar\/wp-content\/uploads\/2025\/04\/m3.jpg\" data-id=\"571\" class=\"wp-image-571\" srcset=\"https:\/\/bolyai.ro\/olimpiasz\/magyar\/wp-content\/uploads\/2025\/04\/m3-1024x683.jpg 1024w, https:\/\/bolyai.ro\/olimpiasz\/magyar\/wp-content\/uploads\/2025\/04\/m3-300x200.jpg 300w, https:\/\/bolyai.ro\/olimpiasz\/magyar\/wp-content\/uploads\/2025\/04\/m3-768x512.jpg 768w, https:\/\/bolyai.ro\/olimpiasz\/magyar\/wp-content\/uploads\/2025\/04\/m3-1536x1024.jpg 1536w, https:\/\/bolyai.ro\/olimpiasz\/magyar\/wp-content\/uploads\/2025\/04\/m3.jpg 2048w\" sizes=\"auto, (max-width: 1024px) 100vw, 1024px\" \/><\/div><\/div><\/figure><\/div><\/li><li class=\"kadence-blocks-gallery-item\"><div class=\"kadence-blocks-gallery-item-inner\"><figure class=\"kb-gallery-figure kadence-blocks-gallery-item-hide-caption\" \"><div class=\"kb-gal-image-radius\"><div class=\"kb-gallery-image-contain kadence-blocks-gallery-intrinsic kb-gallery-image-ratio-land43 kb-has-image-ratio-land43\" ><img loading=\"lazy\" decoding=\"async\" src=\"https:\/\/bolyai.ro\/olimpiasz\/magyar\/wp-content\/uploads\/2025\/04\/m4-1024x683.jpg\" width=\"1024\" height=\"683\" alt=\"\" data-full-image=\"https:\/\/bolyai.ro\/olimpiasz\/magyar\/wp-content\/uploads\/2025\/04\/m4.jpg\" data-light-image=\"https:\/\/bolyai.ro\/olimpiasz\/magyar\/wp-content\/uploads\/2025\/04\/m4.jpg\" data-id=\"572\" class=\"wp-image-572\" srcset=\"https:\/\/bolyai.ro\/olimpiasz\/magyar\/wp-content\/uploads\/2025\/04\/m4-1024x683.jpg 1024w, https:\/\/bolyai.ro\/olimpiasz\/magyar\/wp-content\/uploads\/2025\/04\/m4-300x200.jpg 300w, https:\/\/bolyai.ro\/olimpiasz\/magyar\/wp-content\/uploads\/2025\/04\/m4-768x512.jpg 768w, https:\/\/bolyai.ro\/olimpiasz\/magyar\/wp-content\/uploads\/2025\/04\/m4-1536x1024.jpg 1536w, https:\/\/bolyai.ro\/olimpiasz\/magyar\/wp-content\/uploads\/2025\/04\/m4.jpg 2048w\" sizes=\"auto, (max-width: 1024px) 100vw, 1024px\" \/><\/div><\/div><\/figure><\/div><\/li><li class=\"kadence-blocks-gallery-item\"><div class=\"kadence-blocks-gallery-item-inner\"><figure class=\"kb-gallery-figure kadence-blocks-gallery-item-hide-caption\" \"><div class=\"kb-gal-image-radius\"><div class=\"kb-gallery-image-contain kadence-blocks-gallery-intrinsic kb-gallery-image-ratio-land43 kb-has-image-ratio-land43\" ><img loading=\"lazy\" decoding=\"async\" src=\"https:\/\/bolyai.ro\/olimpiasz\/magyar\/wp-content\/uploads\/2025\/04\/m5-1024x683.jpg\" width=\"1024\" height=\"683\" alt=\"\" data-full-image=\"https:\/\/bolyai.ro\/olimpiasz\/magyar\/wp-content\/uploads\/2025\/04\/m5.jpg\" data-light-image=\"https:\/\/bolyai.ro\/olimpiasz\/magyar\/wp-content\/uploads\/2025\/04\/m5.jpg\" data-id=\"573\" class=\"wp-image-573\" srcset=\"https:\/\/bolyai.ro\/olimpiasz\/magyar\/wp-content\/uploads\/2025\/04\/m5-1024x683.jpg 1024w, https:\/\/bolyai.ro\/olimpiasz\/magyar\/wp-content\/uploads\/2025\/04\/m5-300x200.jpg 300w, https:\/\/bolyai.ro\/olimpiasz\/magyar\/wp-content\/uploads\/2025\/04\/m5-768x512.jpg 768w, https:\/\/bolyai.ro\/olimpiasz\/magyar\/wp-content\/uploads\/2025\/04\/m5-1536x1024.jpg 1536w, https:\/\/bolyai.ro\/olimpiasz\/magyar\/wp-content\/uploads\/2025\/04\/m5.jpg 2048w\" sizes=\"auto, (max-width: 1024px) 100vw, 1024px\" \/><\/div><\/div><\/figure><\/div><\/li><li class=\"kadence-blocks-gallery-item\"><div class=\"kadence-blocks-gallery-item-inner\"><figure class=\"kb-gallery-figure kadence-blocks-gallery-item-hide-caption\" \"><div class=\"kb-gal-image-radius\"><div class=\"kb-gallery-image-contain kadence-blocks-gallery-intrinsic kb-gallery-image-ratio-land43 kb-has-image-ratio-land43\" ><img loading=\"lazy\" decoding=\"async\" src=\"https:\/\/bolyai.ro\/olimpiasz\/magyar\/wp-content\/uploads\/2025\/04\/m6-1024x683.jpg\" width=\"1024\" height=\"683\" alt=\"\" data-full-image=\"https:\/\/bolyai.ro\/olimpiasz\/magyar\/wp-content\/uploads\/2025\/04\/m6.jpg\" data-light-image=\"https:\/\/bolyai.ro\/olimpiasz\/magyar\/wp-content\/uploads\/2025\/04\/m6.jpg\" data-id=\"574\" class=\"wp-image-574\" srcset=\"https:\/\/bolyai.ro\/olimpiasz\/magyar\/wp-content\/uploads\/2025\/04\/m6-1024x683.jpg 1024w, https:\/\/bolyai.ro\/olimpiasz\/magyar\/wp-content\/uploads\/2025\/04\/m6-300x200.jpg 300w, https:\/\/bolyai.ro\/olimpiasz\/magyar\/wp-content\/uploads\/2025\/04\/m6-768x512.jpg 768w, https:\/\/bolyai.ro\/olimpiasz\/magyar\/wp-content\/uploads\/2025\/04\/m6-1536x1024.jpg 1536w, https:\/\/bolyai.ro\/olimpiasz\/magyar\/wp-content\/uploads\/2025\/04\/m6.jpg 2048w\" sizes=\"auto, (max-width: 1024px) 100vw, 1024px\" \/><\/div><\/div><\/figure><\/div><\/li><li class=\"kadence-blocks-gallery-item\"><div class=\"kadence-blocks-gallery-item-inner\"><figure class=\"kb-gallery-figure kadence-blocks-gallery-item-hide-caption\" \"><div class=\"kb-gal-image-radius\"><div class=\"kb-gallery-image-contain kadence-blocks-gallery-intrinsic kb-gallery-image-ratio-land43 kb-has-image-ratio-land43\" ><img loading=\"lazy\" decoding=\"async\" src=\"https:\/\/bolyai.ro\/olimpiasz\/magyar\/wp-content\/uploads\/2025\/04\/m7-1024x683.jpg\" width=\"1024\" height=\"683\" alt=\"\" data-full-image=\"https:\/\/bolyai.ro\/olimpiasz\/magyar\/wp-content\/uploads\/2025\/04\/m7.jpg\" data-light-image=\"https:\/\/bolyai.ro\/olimpiasz\/magyar\/wp-content\/uploads\/2025\/04\/m7.jpg\" data-id=\"575\" class=\"wp-image-575\" srcset=\"https:\/\/bolyai.ro\/olimpiasz\/magyar\/wp-content\/uploads\/2025\/04\/m7-1024x683.jpg 1024w, https:\/\/bolyai.ro\/olimpiasz\/magyar\/wp-content\/uploads\/2025\/04\/m7-300x200.jpg 300w, https:\/\/bolyai.ro\/olimpiasz\/magyar\/wp-content\/uploads\/2025\/04\/m7-768x512.jpg 768w, https:\/\/bolyai.ro\/olimpiasz\/magyar\/wp-content\/uploads\/2025\/04\/m7-1536x1024.jpg 1536w, https:\/\/bolyai.ro\/olimpiasz\/magyar\/wp-content\/uploads\/2025\/04\/m7.jpg 2048w\" sizes=\"auto, (max-width: 1024px) 100vw, 1024px\" \/><\/div><\/div><\/figure><\/div><\/li><li class=\"kadence-blocks-gallery-item\"><div class=\"kadence-blocks-gallery-item-inner\"><figure class=\"kb-gallery-figure kadence-blocks-gallery-item-hide-caption\" \"><div class=\"kb-gal-image-radius\"><div class=\"kb-gallery-image-contain kadence-blocks-gallery-intrinsic kb-gallery-image-ratio-land43 kb-has-image-ratio-land43\" ><img loading=\"lazy\" decoding=\"async\" src=\"https:\/\/bolyai.ro\/olimpiasz\/magyar\/wp-content\/uploads\/2025\/04\/m8-1024x683.jpg\" width=\"1024\" height=\"683\" alt=\"\" data-full-image=\"https:\/\/bolyai.ro\/olimpiasz\/magyar\/wp-content\/uploads\/2025\/04\/m8.jpg\" data-light-image=\"https:\/\/bolyai.ro\/olimpiasz\/magyar\/wp-content\/uploads\/2025\/04\/m8.jpg\" data-id=\"576\" class=\"wp-image-576\" srcset=\"https:\/\/bolyai.ro\/olimpiasz\/magyar\/wp-content\/uploads\/2025\/04\/m8-1024x683.jpg 1024w, https:\/\/bolyai.ro\/olimpiasz\/magyar\/wp-content\/uploads\/2025\/04\/m8-300x200.jpg 300w, https:\/\/bolyai.ro\/olimpiasz\/magyar\/wp-content\/uploads\/2025\/04\/m8-768x512.jpg 768w, https:\/\/bolyai.ro\/olimpiasz\/magyar\/wp-content\/uploads\/2025\/04\/m8-1536x1024.jpg 1536w, https:\/\/bolyai.ro\/olimpiasz\/magyar\/wp-content\/uploads\/2025\/04\/m8.jpg 2048w\" sizes=\"auto, (max-width: 1024px) 100vw, 1024px\" \/><\/div><\/div><\/figure><\/div><\/li><li class=\"kadence-blocks-gallery-item\"><div class=\"kadence-blocks-gallery-item-inner\"><figure class=\"kb-gallery-figure kadence-blocks-gallery-item-hide-caption\" \"><div class=\"kb-gal-image-radius\"><div class=\"kb-gallery-image-contain kadence-blocks-gallery-intrinsic kb-gallery-image-ratio-land43 kb-has-image-ratio-land43\" ><img loading=\"lazy\" decoding=\"async\" src=\"https:\/\/bolyai.ro\/olimpiasz\/magyar\/wp-content\/uploads\/2025\/04\/m9-1024x683.jpg\" width=\"1024\" height=\"683\" alt=\"\" data-full-image=\"https:\/\/bolyai.ro\/olimpiasz\/magyar\/wp-content\/uploads\/2025\/04\/m9.jpg\" data-light-image=\"https:\/\/bolyai.ro\/olimpiasz\/magyar\/wp-content\/uploads\/2025\/04\/m9.jpg\" data-id=\"577\" class=\"wp-image-577\" srcset=\"https:\/\/bolyai.ro\/olimpiasz\/magyar\/wp-content\/uploads\/2025\/04\/m9-1024x683.jpg 1024w, https:\/\/bolyai.ro\/olimpiasz\/magyar\/wp-content\/uploads\/2025\/04\/m9-300x200.jpg 300w, https:\/\/bolyai.ro\/olimpiasz\/magyar\/wp-content\/uploads\/2025\/04\/m9-768x512.jpg 768w, https:\/\/bolyai.ro\/olimpiasz\/magyar\/wp-content\/uploads\/2025\/04\/m9-1536x1024.jpg 1536w, https:\/\/bolyai.ro\/olimpiasz\/magyar\/wp-content\/uploads\/2025\/04\/m9.jpg 2048w\" sizes=\"auto, (max-width: 1024px) 100vw, 1024px\" \/><\/div><\/div><\/figure><\/div><\/li><li class=\"kadence-blocks-gallery-item\"><div class=\"kadence-blocks-gallery-item-inner\"><figure class=\"kb-gallery-figure kadence-blocks-gallery-item-hide-caption\" \"><div class=\"kb-gal-image-radius\"><div class=\"kb-gallery-image-contain kadence-blocks-gallery-intrinsic kb-gallery-image-ratio-land43 kb-has-image-ratio-land43\" ><img loading=\"lazy\" decoding=\"async\" src=\"https:\/\/bolyai.ro\/olimpiasz\/magyar\/wp-content\/uploads\/2025\/04\/m10-1024x683.jpg\" width=\"1024\" height=\"683\" alt=\"\" data-full-image=\"https:\/\/bolyai.ro\/olimpiasz\/magyar\/wp-content\/uploads\/2025\/04\/m10.jpg\" data-light-image=\"https:\/\/bolyai.ro\/olimpiasz\/magyar\/wp-content\/uploads\/2025\/04\/m10.jpg\" data-id=\"578\" class=\"wp-image-578\" srcset=\"https:\/\/bolyai.ro\/olimpiasz\/magyar\/wp-content\/uploads\/2025\/04\/m10-1024x683.jpg 1024w, https:\/\/bolyai.ro\/olimpiasz\/magyar\/wp-content\/uploads\/2025\/04\/m10-300x200.jpg 300w, https:\/\/bolyai.ro\/olimpiasz\/magyar\/wp-content\/uploads\/2025\/04\/m10-768x512.jpg 768w, https:\/\/bolyai.ro\/olimpiasz\/magyar\/wp-content\/uploads\/2025\/04\/m10-1536x1024.jpg 1536w, https:\/\/bolyai.ro\/olimpiasz\/magyar\/wp-content\/uploads\/2025\/04\/m10.jpg 2048w\" sizes=\"auto, (max-width: 1024px) 100vw, 1024px\" \/><\/div><\/div><\/figure><\/div><\/li><li class=\"kadence-blocks-gallery-item\"><div class=\"kadence-blocks-gallery-item-inner\"><figure class=\"kb-gallery-figure kadence-blocks-gallery-item-hide-caption\" \"><div class=\"kb-gal-image-radius\"><div class=\"kb-gallery-image-contain kadence-blocks-gallery-intrinsic kb-gallery-image-ratio-land43 kb-has-image-ratio-land43\" ><img loading=\"lazy\" decoding=\"async\" src=\"https:\/\/bolyai.ro\/olimpiasz\/magyar\/wp-content\/uploads\/2025\/04\/m11-1024x683.jpg\" width=\"1024\" height=\"683\" alt=\"\" data-full-image=\"https:\/\/bolyai.ro\/olimpiasz\/magyar\/wp-content\/uploads\/2025\/04\/m11.jpg\" data-light-image=\"https:\/\/bolyai.ro\/olimpiasz\/magyar\/wp-content\/uploads\/2025\/04\/m11.jpg\" data-id=\"579\" class=\"wp-image-579\" srcset=\"https:\/\/bolyai.ro\/olimpiasz\/magyar\/wp-content\/uploads\/2025\/04\/m11-1024x683.jpg 1024w, https:\/\/bolyai.ro\/olimpiasz\/magyar\/wp-content\/uploads\/2025\/04\/m11-300x200.jpg 300w, https:\/\/bolyai.ro\/olimpiasz\/magyar\/wp-content\/uploads\/2025\/04\/m11-768x512.jpg 768w, https:\/\/bolyai.ro\/olimpiasz\/magyar\/wp-content\/uploads\/2025\/04\/m11-1536x1024.jpg 1536w, https:\/\/bolyai.ro\/olimpiasz\/magyar\/wp-content\/uploads\/2025\/04\/m11.jpg 2048w\" sizes=\"auto, (max-width: 1024px) 100vw, 1024px\" \/><\/div><\/div><\/figure><\/div><\/li><li class=\"kadence-blocks-gallery-item\"><div class=\"kadence-blocks-gallery-item-inner\"><figure class=\"kb-gallery-figure kadence-blocks-gallery-item-hide-caption\" \"><div class=\"kb-gal-image-radius\"><div class=\"kb-gallery-image-contain kadence-blocks-gallery-intrinsic kb-gallery-image-ratio-land43 kb-has-image-ratio-land43\" ><img loading=\"lazy\" decoding=\"async\" src=\"https:\/\/bolyai.ro\/olimpiasz\/magyar\/wp-content\/uploads\/2025\/04\/m12-1024x683.jpg\" width=\"1024\" height=\"683\" alt=\"\" data-full-image=\"https:\/\/bolyai.ro\/olimpiasz\/magyar\/wp-content\/uploads\/2025\/04\/m12.jpg\" data-light-image=\"https:\/\/bolyai.ro\/olimpiasz\/magyar\/wp-content\/uploads\/2025\/04\/m12.jpg\" data-id=\"580\" class=\"wp-image-580\" srcset=\"https:\/\/bolyai.ro\/olimpiasz\/magyar\/wp-content\/uploads\/2025\/04\/m12-1024x683.jpg 1024w, https:\/\/bolyai.ro\/olimpiasz\/magyar\/wp-content\/uploads\/2025\/04\/m12-300x200.jpg 300w, https:\/\/bolyai.ro\/olimpiasz\/magyar\/wp-content\/uploads\/2025\/04\/m12-768x512.jpg 768w, https:\/\/bolyai.ro\/olimpiasz\/magyar\/wp-content\/uploads\/2025\/04\/m12-1536x1024.jpg 1536w, https:\/\/bolyai.ro\/olimpiasz\/magyar\/wp-content\/uploads\/2025\/04\/m12.jpg 2048w\" sizes=\"auto, (max-width: 1024px) 100vw, 1024px\" \/><\/div><\/div><\/figure><\/div><\/li><li class=\"kadence-blocks-gallery-item\"><div class=\"kadence-blocks-gallery-item-inner\"><figure class=\"kb-gallery-figure kadence-blocks-gallery-item-hide-caption\" \"><div class=\"kb-gal-image-radius\"><div class=\"kb-gallery-image-contain kadence-blocks-gallery-intrinsic kb-gallery-image-ratio-land43 kb-has-image-ratio-land43\" ><img loading=\"lazy\" decoding=\"async\" src=\"https:\/\/bolyai.ro\/olimpiasz\/magyar\/wp-content\/uploads\/2025\/04\/m13-1024x683.jpg\" width=\"1024\" height=\"683\" alt=\"\" data-full-image=\"https:\/\/bolyai.ro\/olimpiasz\/magyar\/wp-content\/uploads\/2025\/04\/m13.jpg\" data-light-image=\"https:\/\/bolyai.ro\/olimpiasz\/magyar\/wp-content\/uploads\/2025\/04\/m13.jpg\" data-id=\"581\" class=\"wp-image-581\" srcset=\"https:\/\/bolyai.ro\/olimpiasz\/magyar\/wp-content\/uploads\/2025\/04\/m13-1024x683.jpg 1024w, https:\/\/bolyai.ro\/olimpiasz\/magyar\/wp-content\/uploads\/2025\/04\/m13-300x200.jpg 300w, https:\/\/bolyai.ro\/olimpiasz\/magyar\/wp-content\/uploads\/2025\/04\/m13-768x512.jpg 768w, https:\/\/bolyai.ro\/olimpiasz\/magyar\/wp-content\/uploads\/2025\/04\/m13-1536x1024.jpg 1536w, https:\/\/bolyai.ro\/olimpiasz\/magyar\/wp-content\/uploads\/2025\/04\/m13.jpg 2048w\" sizes=\"auto, (max-width: 1024px) 100vw, 1024px\" \/><\/div><\/div><\/figure><\/div><\/li><li class=\"kadence-blocks-gallery-item\"><div class=\"kadence-blocks-gallery-item-inner\"><figure class=\"kb-gallery-figure kadence-blocks-gallery-item-hide-caption\" \"><div class=\"kb-gal-image-radius\"><div class=\"kb-gallery-image-contain kadence-blocks-gallery-intrinsic kb-gallery-image-ratio-land43 kb-has-image-ratio-land43\" ><img loading=\"lazy\" decoding=\"async\" src=\"https:\/\/bolyai.ro\/olimpiasz\/magyar\/wp-content\/uploads\/2025\/04\/m14-1024x683.jpg\" width=\"1024\" height=\"683\" alt=\"\" data-full-image=\"https:\/\/bolyai.ro\/olimpiasz\/magyar\/wp-content\/uploads\/2025\/04\/m14.jpg\" data-light-image=\"https:\/\/bolyai.ro\/olimpiasz\/magyar\/wp-content\/uploads\/2025\/04\/m14.jpg\" data-id=\"582\" class=\"wp-image-582\" srcset=\"https:\/\/bolyai.ro\/olimpiasz\/magyar\/wp-content\/uploads\/2025\/04\/m14-1024x683.jpg 1024w, https:\/\/bolyai.ro\/olimpiasz\/magyar\/wp-content\/uploads\/2025\/04\/m14-300x200.jpg 300w, https:\/\/bolyai.ro\/olimpiasz\/magyar\/wp-content\/uploads\/2025\/04\/m14-768x512.jpg 768w, https:\/\/bolyai.ro\/olimpiasz\/magyar\/wp-content\/uploads\/2025\/04\/m14-1536x1024.jpg 1536w, https:\/\/bolyai.ro\/olimpiasz\/magyar\/wp-content\/uploads\/2025\/04\/m14.jpg 2048w\" sizes=\"auto, (max-width: 1024px) 100vw, 1024px\" \/><\/div><\/div><\/figure><\/div><\/li><li class=\"kadence-blocks-gallery-item\"><div class=\"kadence-blocks-gallery-item-inner\"><figure class=\"kb-gallery-figure kadence-blocks-gallery-item-hide-caption\" \"><div class=\"kb-gal-image-radius\"><div class=\"kb-gallery-image-contain kadence-blocks-gallery-intrinsic kb-gallery-image-ratio-land43 kb-has-image-ratio-land43\" ><img loading=\"lazy\" decoding=\"async\" src=\"https:\/\/bolyai.ro\/olimpiasz\/magyar\/wp-content\/uploads\/2025\/04\/m15-1024x683.jpg\" width=\"1024\" height=\"683\" alt=\"\" data-full-image=\"https:\/\/bolyai.ro\/olimpiasz\/magyar\/wp-content\/uploads\/2025\/04\/m15.jpg\" data-light-image=\"https:\/\/bolyai.ro\/olimpiasz\/magyar\/wp-content\/uploads\/2025\/04\/m15.jpg\" data-id=\"583\" class=\"wp-image-583\" srcset=\"https:\/\/bolyai.ro\/olimpiasz\/magyar\/wp-content\/uploads\/2025\/04\/m15-1024x683.jpg 1024w, https:\/\/bolyai.ro\/olimpiasz\/magyar\/wp-content\/uploads\/2025\/04\/m15-300x200.jpg 300w, https:\/\/bolyai.ro\/olimpiasz\/magyar\/wp-content\/uploads\/2025\/04\/m15-768x512.jpg 768w, https:\/\/bolyai.ro\/olimpiasz\/magyar\/wp-content\/uploads\/2025\/04\/m15-1536x1024.jpg 1536w, https:\/\/bolyai.ro\/olimpiasz\/magyar\/wp-content\/uploads\/2025\/04\/m15.jpg 2048w\" sizes=\"auto, (max-width: 1024px) 100vw, 1024px\" \/><\/div><\/div><\/figure><\/div><\/li><li class=\"kadence-blocks-gallery-item\"><div class=\"kadence-blocks-gallery-item-inner\"><figure class=\"kb-gallery-figure kadence-blocks-gallery-item-hide-caption\" \"><div class=\"kb-gal-image-radius\"><div class=\"kb-gallery-image-contain kadence-blocks-gallery-intrinsic kb-gallery-image-ratio-land43 kb-has-image-ratio-land43\" ><img loading=\"lazy\" decoding=\"async\" src=\"https:\/\/bolyai.ro\/olimpiasz\/magyar\/wp-content\/uploads\/2025\/04\/m16-1024x683.jpg\" width=\"1024\" height=\"683\" alt=\"\" data-full-image=\"https:\/\/bolyai.ro\/olimpiasz\/magyar\/wp-content\/uploads\/2025\/04\/m16.jpg\" data-light-image=\"https:\/\/bolyai.ro\/olimpiasz\/magyar\/wp-content\/uploads\/2025\/04\/m16.jpg\" data-id=\"584\" class=\"wp-image-584\" srcset=\"https:\/\/bolyai.ro\/olimpiasz\/magyar\/wp-content\/uploads\/2025\/04\/m16-1024x683.jpg 1024w, https:\/\/bolyai.ro\/olimpiasz\/magyar\/wp-content\/uploads\/2025\/04\/m16-300x200.jpg 300w, https:\/\/bolyai.ro\/olimpiasz\/magyar\/wp-content\/uploads\/2025\/04\/m16-768x512.jpg 768w, https:\/\/bolyai.ro\/olimpiasz\/magyar\/wp-content\/uploads\/2025\/04\/m16-1536x1024.jpg 1536w, https:\/\/bolyai.ro\/olimpiasz\/magyar\/wp-content\/uploads\/2025\/04\/m16.jpg 2048w\" sizes=\"auto, (max-width: 1024px) 100vw, 1024px\" \/><\/div><\/div><\/figure><\/div><\/li><\/ul><\/div><\/div><\/div>\n\n<\/div><\/div>","protected":false},"excerpt":{"rendered":"<p>Megnyit\u00f3 \u00fcnneps\u00e9g<\/p>\n","protected":false},"author":1,"featured_media":0,"parent":0,"menu_order":0,"comment_status":"closed","ping_status":"closed","template":"","meta":{"_kad_blocks_custom_css":"","_kad_blocks_head_custom_js":"","_kad_blocks_body_custom_js":"","_kad_blocks_footer_custom_js":"","_kadence_starter_templates_imported_post":false,"_kad_post_transparent":"","_kad_post_title":"","_kad_post_layout":"","_kad_post_sidebar_id":"","_kad_post_content_style":"","_kad_post_vertical_padding":"","_kad_post_feature":"","_kad_post_feature_position":"","_kad_post_header":false,"_kad_post_footer":false,"footnotes":""},"class_list":["post-34","page","type-page","status-publish","hentry"],"taxonomy_info":[],"featured_image_src_large":false,"author_info":{"display_name":"suport","author_link":"https:\/\/bolyai.ro\/olimpiasz\/magyar\/author\/suport\/"},"comment_info":0,"_links":{"self":[{"href":"https:\/\/bolyai.ro\/olimpiasz\/magyar\/wp-json\/wp\/v2\/pages\/34","targetHints":{"allow":["GET"]}}],"collection":[{"href":"https:\/\/bolyai.ro\/olimpiasz\/magyar\/wp-json\/wp\/v2\/pages"}],"about":[{"href":"https:\/\/bolyai.ro\/olimpiasz\/magyar\/wp-json\/wp\/v2\/types\/page"}],"author":[{"embeddable":true,"href":"https:\/\/bolyai.ro\/olimpiasz\/magyar\/wp-json\/wp\/v2\/users\/1"}],"replies":[{"embeddable":true,"href":"https:\/\/bolyai.ro\/olimpiasz\/magyar\/wp-json\/wp\/v2\/comments?post=34"}],"version-history":[{"count":3,"href":"https:\/\/bolyai.ro\/olimpiasz\/magyar\/wp-json\/wp\/v2\/pages\/34\/revisions"}],"predecessor-version":[{"id":587,"href":"https:\/\/bolyai.ro\/olimpiasz\/magyar\/wp-json\/wp\/v2\/pages\/34\/revisions\/587"}],"wp:attachment":[{"href":"https:\/\/bolyai.ro\/olimpiasz\/magyar\/wp-json\/wp\/v2\/media?parent=34"}],"curies":[{"name":"wp","href":"https:\/\/api.w.org\/{rel}","templated":true}]}}