{"id":42,"date":"2025-04-03T09:13:07","date_gmt":"2025-04-03T09:13:07","guid":{"rendered":"https:\/\/bolyai.ro\/olimpiasz\/?page_id=42"},"modified":"2025-04-24T08:26:12","modified_gmt":"2025-04-24T08:26:12","slug":"reformatus-kollegium-bolyai-farkas-elmeleti-liceum","status":"publish","type":"page","link":"https:\/\/bolyai.ro\/olimpiasz\/magyar\/reformatus-kollegium-bolyai-farkas-elmeleti-liceum\/","title":{"rendered":"Reform\u00e1tus Koll\u00e9gium &amp; Bolyai Farkas Elm\u00e9leti L\u00edceum"},"content":{"rendered":"<style>.kadence-column42_745708-ce > .kt-inside-inner-col,.kadence-column42_745708-ce > .kt-inside-inner-col:before{border-top-left-radius:0px;border-top-right-radius:0px;border-bottom-right-radius:0px;border-bottom-left-radius:0px;}.kadence-column42_745708-ce > .kt-inside-inner-col{column-gap:var(--global-kb-gap-sm, 1rem);}.kadence-column42_745708-ce > .kt-inside-inner-col{flex-direction:column;}.kadence-column42_745708-ce > .kt-inside-inner-col > .aligncenter{width:100%;}.kadence-column42_745708-ce > .kt-inside-inner-col:before{opacity:0.3;}.kadence-column42_745708-ce{position:relative;}@media all and (max-width: 1024px){.kadence-column42_745708-ce > .kt-inside-inner-col{flex-direction:column;}}@media all and (max-width: 767px){.kadence-column42_745708-ce > .kt-inside-inner-col{flex-direction:column;}}.kadence-column42_745708-ce {  text-indent: 36px;  text-align: justify;}<\/style>\n<div class=\"wp-block-kadence-column kadence-column42_745708-ce\"><div class=\"kt-inside-inner-col\">\n<h2 class=\"wp-block-heading has-text-align-center\">A Schola Particul\u00e1t\u00f3l a Bolyai Farkas Elm\u00e9leti L\u00edceumig<\/h2>\n\n\n\n<h4 class=\"wp-block-heading\" style=\"margin-right:60px;margin-left:60px\">A kezdet<\/h4>\n\n\n\n<p style=\"margin-top:3px;margin-right:60px;margin-bottom:3px;margin-left:60px;padding-top:0;padding-bottom:0\">Nagy Szab\u00f3 Ferenc XVII. sz\u00e1zadi kr\u00f3nik\u00e1s feljegyz\u00e9sei szerint a Bolyai Farkas Elm\u00e9leti L\u00edceum mai \u00e9p\u00fclet\u00e9nek hely\u00e9n, a Szent Mikl\u00f3s pl\u00e9b\u00e1niatemplom melletti \u00e9p\u00fcletben pl\u00e9b\u00e1niai iskola m\u0171k\u00f6d\u00f6tt a XVI. sz\u00e1zadban.<\/p>\n\n\n\n<div class=\"wp-block-media-text has-media-on-the-right is-stacked-on-mobile\" style=\"grid-template-columns:auto 45%\"><div class=\"wp-block-media-text__content\">\n<p style=\"margin-top:3px;margin-right:0px;margin-bottom:3px;margin-left:0px\">Ugyanebben az id\u0151szakban a ferences rendiek a V\u00e1rdombra kolostorral k\u00f6r\u00fclvett impoz\u00e1ns templomot \u00e9p\u00edtettek. A felt\u00e9telez\u00e9sek szerint itt is m\u0171k\u00f6d\u00f6tt szervezett oktat\u00e1si tev\u00e9kenys\u00e9g. Egyes t\u00f6rt\u00e9n\u00e9szek szerint az is lehets\u00e9ges, hogy a pl\u00e9b\u00e1nia iskola az elemi oktat\u00e1st biztos\u00edtotta, a ferences rendi kolostorban m\u0171k\u00f6d\u0151 pedig egy fels\u0151bb szint\u0171 oktat\u00e1st.<\/p>\n\n\n\n<p style=\"margin-top:3px;margin-bottom:3px\">Marosv\u00e1s\u00e1rhely legh\u00edresebb iskol\u00e1j\u00e1nak keletkez\u00e9s\u00e9t a XVI. sz\u00e1zadban eur\u00f3pai szinten kibontakozott hit\u00faj\u00edt\u00e1snak, a reform\u00e1ci\u00f3nak k\u00f6sz\u00f6nheti. A reform\u00e1ci\u00f3 a XVI. sz\u00e1zad k\u00f6zep\u00e9n kezdett el teret h\u00f3d\u00edtani Erd\u00e9lyben. Az akkori Sz\u00e9kelyv\u00e1s\u00e1rhelyen r\u00f6vid id\u0151n bel\u00fcl szinte az eg\u00e9sz lakoss\u00e1g \u00e1tt\u00e9rt a reform\u00e1tus hitre.<\/p>\n\n\n\n<p style=\"margin-top:3px;margin-bottom:3px\">A protest\u00e1nsok f\u0151 c\u00e9lkit\u0171z\u00e9se az \u00faj vall\u00e1s terjeszt\u00e9se volt. A kor vall\u00e1si, t\u00e1rsadalmi \u00e9s politikai c\u00e9lkit\u0171z\u00e9seinek el\u00e9r\u00e9se \u00e9rdek\u00e9ben k\u00fcl\u00f6nb\u00f6z\u0151 int\u00e9zked\u00e9seket hoztak, ezek k\u00f6z\u00e9 tartoztak az iskolaalap\u00edt\u00e1sok is. A Kolozsv\u00e1ron tartott erd\u00e9lyi rendek orsz\u00e1ggy\u0171l\u00e9s\u00e9n, 1556. november 25. \u00e9s december 7. k\u00f6z\u00f6tt, a XXIII. t\u00f6rv\u00e9nycikkelyben jel\u00f6lt\u00e9k ki iskolahely\u00fcl a ferences rendiek egykori elhagyott otthon\u00e1t. A k\u00f6vetkez\u0151 \u00e9vben tartott gyulafeh\u00e9rv\u00e1ri orsz\u00e1ggy\u0171l\u00e9s hat\u00e1rozata szerint a tan\u00edt\u00e1s 1557-ben el is kezd\u0151d\u00f6tt.<\/p>\n\n\n\n<h4 class=\"wp-block-heading\">Schola Particul\u00e1b\u00f3l Reform\u00e1tus Koll\u00e9gium<\/h4>\n\n\n\n<p style=\"margin-top:3px;margin-bottom:3px\">A k\u00f6vetkez\u0151 m\u00e9rf\u00f6ldk\u0151 161 \u00e9v ut\u00e1n, 1718-ban k\u00f6vetkezett be, amikor a Schola Particula egyes\u00fclt a S\u00e1rospatakr\u00f3l \u00e9s Gyulafeh\u00e9rv\u00e1rr\u00f3l el\u0171z\u00f6tt koll\u00e9giumokkal, felvette a Marosv\u00e1s\u00e1rhelyi Reform\u00e1tus Koll\u00e9gium nevet, \u00e9s f\u0151iskolai st\u00e1tuszt kapott. Az als\u00f3 oszt\u00e1lyok elv\u00e9gz\u00e9se ut\u00e1n a di\u00e1kok b\u00f6lcs\u00e9szetet, teol\u00f3gi\u00e1t \u00e9s jogot tanulhattak. 1871-ben megsz\u0171nt a jogi tanfolyam, \u00e9s ennek k\u00f6vetkezt\u00e9ben 1883-t\u00f3l k\u00f6z\u00e9piskol\u00e1v\u00e1 alakult.<\/p>\n<\/div><figure class=\"wp-block-media-text__media\"><img loading=\"lazy\" decoding=\"async\" width=\"1024\" height=\"940\" src=\"https:\/\/bolyai.ro\/olimpiasz\/magyar\/wp-content\/uploads\/2025\/04\/b1-2-1024x940.jpg\" alt=\"\" class=\"wp-image-500 size-full\" srcset=\"https:\/\/bolyai.ro\/olimpiasz\/magyar\/wp-content\/uploads\/2025\/04\/b1-2-1024x940.jpg 1024w, https:\/\/bolyai.ro\/olimpiasz\/magyar\/wp-content\/uploads\/2025\/04\/b1-2-300x275.jpg 300w, https:\/\/bolyai.ro\/olimpiasz\/magyar\/wp-content\/uploads\/2025\/04\/b1-2-768x705.jpg 768w, https:\/\/bolyai.ro\/olimpiasz\/magyar\/wp-content\/uploads\/2025\/04\/b1-2-1536x1409.jpg 1536w, https:\/\/bolyai.ro\/olimpiasz\/magyar\/wp-content\/uploads\/2025\/04\/b1-2.jpg 1600w\" sizes=\"auto, (max-width: 1024px) 100vw, 1024px\" \/><\/figure><\/div>\n<\/div><\/div>\n\n\n<style>.kadence-column42_12a280-fd > .kt-inside-inner-col,.kadence-column42_12a280-fd > .kt-inside-inner-col:before{border-top-left-radius:0px;border-top-right-radius:0px;border-bottom-right-radius:0px;border-bottom-left-radius:0px;}.kadence-column42_12a280-fd > .kt-inside-inner-col{column-gap:var(--global-kb-gap-sm, 1rem);}.kadence-column42_12a280-fd > .kt-inside-inner-col{flex-direction:column;}.kadence-column42_12a280-fd > .kt-inside-inner-col > .aligncenter{width:100%;}.kadence-column42_12a280-fd > .kt-inside-inner-col:before{opacity:0.3;}.kadence-column42_12a280-fd{position:relative;}@media all and (max-width: 1024px){.kadence-column42_12a280-fd > .kt-inside-inner-col{flex-direction:column;}}@media all and (max-width: 767px){.kadence-column42_12a280-fd > .kt-inside-inner-col{flex-direction:column;}}.kadence-column42_12a280-fd {  margin-top:3px;margin-right:60px;margin-bottom:3px;margin-left:60px;text-indent: 36px;text-align: justify;}<\/style>\n<div class=\"wp-block-kadence-column kadence-column42_12a280-fd\"><div class=\"kt-inside-inner-col\">\n<h4 class=\"wp-block-heading\" style=\"margin-top:18px;margin-bottom:18px\">Bolyai Farkas az iskola tan\u00e1ra lesz<\/h4>\n\n\n\n<p style=\"margin-top:3px;margin-bottom:3px\">A XIX. sz\u00e1zadban a m\u00e1r h\u00edres koll\u00e9gium t\u00f6rt\u00e9nelm\u00e9ben fontos nap 1804. m\u00e1jus 4. Csern\u00e1toni Vajda S\u00e1muel filoz\u00f3fia tan\u00e1r 1803-ban bek\u00f6vetkezett hal\u00e1la ut\u00e1n a reform\u00e1tus F\u0151konziszt\u00f3rium elhat\u00e1rozta, hogy a matematika tan\u00edt\u00e1s\u00e1t k\u00fcl\u00f6nv\u00e1lasztja a filoz\u00f3fia tan\u00edt\u00e1s\u00e1t\u00f3l. Ennek megval\u00f3s\u00edt\u00e1sa \u00e9rdek\u00e9ben l\u00e9trehozt\u00e1k a matematika-fizika-k\u00e9mia tansz\u00e9ket. A meghirdetett professzori \u00e1ll\u00e1sra t\u00f6bb javaslat is \u00e9rkezett, de v\u00e9g\u00fcl a F\u0151konziszt\u00f3rium Bolyai Farkas mellett d\u00f6nt\u00f6tt. Az \u00faj professzor 1804. m\u00e1jus 4-\u00e9n tartotta sz\u00e9kfoglal\u00f3 besz\u00e9d\u00e9t. 47 \u00e9vet tan\u00edtott a koll\u00e9giumban, hal\u00e1l\u00e1nak 100. \u00e9vfordul\u00f3j\u00e1n az iskola felvette a nev\u00e9t.<\/p>\n\n\n\n<h4 class=\"wp-block-heading\">A XX. sz\u00e1zadi v\u00e1ltoz\u00e1sok<\/h4>\n\n\n\n<p style=\"margin-top:3px;margin-bottom:3px\">A XX. sz\u00e1zad egyik fontos pillanata 1908. szeptember 10., ekkor rakt\u00e1k le \u00fcnnep\u00e9lyes keretek k\u00f6z\u00f6tt a mai \u00e9p\u00fclet alapk\u00f6v\u00e9t. Az \u00e9p\u00edtkez\u00e9st 1909-re befejezt\u00e9k, de az \u00e9p\u00fcletet hivatalosan csak 1911-ben adt\u00e1k \u00e1t.<\/p>\n\n\n\n<h4 class=\"wp-block-heading\">Megsz\u0171nik a Reform\u00e1tus Koll\u00e9gium<\/h4>\n\n\n\n<p style=\"margin-top:3px;margin-bottom:3px\">Az 1948-as tan\u00fcgyi reformmal egy \u00faj m\u00e9rf\u00f6ldk\u0151h\u00f6z \u00e9rkezett az iskola. A hat\u00f3s\u00e1gok megsz\u00fcntett\u00e9k a reform\u00e1tus koll\u00e9gium st\u00e1tust, \u00e9s 2-es sz\u00e1m\u00fa Fi\u00fal\u00edceumm\u00e1 nevezt\u00e9k \u00e1t. Annak \u00e9rdek\u00e9ben, hogy a kommunista hatalmat m\u00e9g jobban kifejezz\u00e9k, 1952-ben az iskola magyar tannyelv\u0171, de hivatalos neve Iosif Ranghe\u021b Fi\u00fal\u00edceum lesz.<\/p>\n\n\n\n<p style=\"margin-top:3px;margin-bottom:3px\">1956. november 18., este 6 \u00f3ra: az iskola d\u00edszterm\u00e9ben bejelentik, hogy az iskola felveszi Bolyai Farkas nev\u00e9t. De hogyan is t\u00f6rt\u00e9nhetett ez meg abban az id\u0151szakban, amikor er\u0151s nacionalista, kommunista ideol\u00f3gi\u00e1k uralkodtak az orsz\u00e1gban?<\/p>\n\n\n\n<p style=\"margin-top:3px;margin-bottom:3px\">Az 1954-ben kinevezett \u00faj, fiatal igazgat\u00f3, Kozma B\u00e9la kihaszn\u00e1lta az 1956 \u0151sz\u00e9n kialakult helyzetet, \u00e9s mindent megtett annak \u00e9rdek\u00e9ben, hogy az iskola felvegye h\u00edres tan\u00e1r\u00e1nak, Bolyai Farkasnak a nev\u00e9t.<\/p>\n\n\n\n<p style=\"margin-top:3px;margin-bottom:3px\">El\u0151sz\u00f6r is egy Bolyai \u00e9vfordul\u00f3 megszervez\u00e9s\u00e9t kezdem\u00e9nyezte, ugyanis 1956. november 20-\u00e1n volt Bolyai Farkas hal\u00e1l\u00e1nak 100. \u00e9vfordul\u00f3ja. A tervezetet a Magyar Auton\u00f3m Tartom\u00e1ny p\u00e1rtbizotts\u00e1g\u00e1hoz \u00e9s a tartom\u00e1nyi n\u00e9ptan\u00e1cs v\u00e9grehajt\u00f3 bizotts\u00e1g\u00e1hoz juttatta el.<\/p>\n\n\n\n<p style=\"margin-top:3px;margin-bottom:3px\">A tartom\u00e1nyi p\u00e1rtbizotts\u00e1g elfogadta a javaslatot, \u00e9s elrendelte egy szervez\u0151 bizotts\u00e1g l\u00e9trehoz\u00e1s\u00e1t. Az iskol\u00e1t P\u00e1lffy Antal \u00e9s Kozma B\u00e9la k\u00e9pviselt\u00e9k. A megalakul\u00e1s ut\u00e1n a bizotts\u00e1g el is kezdte tev\u00e9kenys\u00e9g\u00e9t.<\/p>\n\n\n\n<p style=\"margin-top:3px;margin-bottom:3px\">Az iskola k\u00e9pvisel\u0151inek r\u00e9sz\u00e9r\u0151l t\u00f6bb javaslat ker\u00fclt a tartom\u00e1nyi szervez\u0151 bizotts\u00e1g el\u00e9: Bolyai Farkas hal\u00e1l\u00e1nak 100. \u00e9vfordul\u00f3j\u00e1t m\u00e9lt\u00f3n meg\u00fcnnepelni, a Bolyai mellszobor bearanyoz\u00e1s\u00e1t megval\u00f3s\u00edtani, a Bolyaiak m\u00fazeum\u00e1t \u00e9s s\u00edrj\u00e1t rendbe tenni, a ki\u00e1ll\u00edt\u00e1st megszervezni \u00e9s egy eml\u00e9kszekr\u00e9ny fel\u00e1ll\u00edtani. Ezzel egyid\u0151ben elkezd\u0151d\u00f6tt a tudom\u00e1nyos kutat\u00f3munka is: dr. Farcz\u00e1dy Elek Bolyai Farkas \u00e9let\u00e9t \u00e9s munk\u00e1ss\u00e1g\u00e1t kezdte el kutatni, Gergely Jen\u0151 kolozsv\u00e1ri professzor a matematikus Bolyai tev\u00e9kenys\u00e9g\u00e9t kezdte tanulm\u00e1nyozni, Kozma B\u00e9la, az iskola igazgat\u00f3ja az irodalm\u00e1r Bolyair\u00f3l, P\u00e1lffy Antal pedig a pedag\u00f3gus Bolyair\u00f3l \u00edrt.<\/p>\n\n\n\n<p style=\"margin-top:3px;margin-bottom:3px\">A megeml\u00e9kez\u00e9s cs\u00facspontj\u00e1t a november 19-\u00e9n az iskola d\u00edszterm\u00e9ben megszervezett tudom\u00e1nyos \u00fcl\u00e9sszak jelentette. A konferenci\u00e1t Bugyi P\u00e1l, a tartom\u00e1nyi n\u00e9ptan\u00e1cs v\u00e9grehajt\u00f3 bizotts\u00e1g\u00e1nak eln\u00f6ke nyitotta meg. Besz\u00e9d\u00e9ben elhangzott azon bejelent\u00e9s, hogy a Iosif Ranghe\u021b Fi\u00faiskola igazgat\u00f3s\u00e1g\u00e1nak \u00e9s a tartom\u00e1nyi n\u00e9ptan\u00e1cs v\u00e9grehajt\u00f3 bizotts\u00e1g\u00e1nak javaslat\u00e1ra a Rom\u00e1n N\u00e9pk\u00f6zt\u00e1rsas\u00e1g Minisztertan\u00e1csa j\u00f3v\u00e1hagyta, hogy az iskol\u00e1t Bolyai Farkasr\u00f3l, a vil\u00e1gh\u00edr\u0171 magyar tud\u00f3sr\u00f3l nevezz\u00e9k el.<\/p>\n\n\n\n<p style=\"margin-top:3px;margin-bottom:3px\">Az Oktat\u00e1si Miniszt\u00e9rium 1957. febru\u00e1r 5-\u00e9n bocs\u00e1totta ki azt a rendeletet, amely hivataloss\u00e1 tette az iskola \u00faj nev\u00e9t.<\/p>\n<\/div><\/div>\n\n\n<style>.kadence-column42_36aa43-f2 > .kt-inside-inner-col,.kadence-column42_36aa43-f2 > .kt-inside-inner-col:before{border-top-left-radius:0px;border-top-right-radius:0px;border-bottom-right-radius:0px;border-bottom-left-radius:0px;}.kadence-column42_36aa43-f2 > .kt-inside-inner-col{column-gap:var(--global-kb-gap-sm, 1rem);}.kadence-column42_36aa43-f2 > .kt-inside-inner-col{flex-direction:column;}.kadence-column42_36aa43-f2 > .kt-inside-inner-col > .aligncenter{width:100%;}.kadence-column42_36aa43-f2 > .kt-inside-inner-col:before{opacity:0.3;}.kadence-column42_36aa43-f2{position:relative;}@media all and (max-width: 1024px){.kadence-column42_36aa43-f2 > .kt-inside-inner-col{flex-direction:column;}}@media all and (max-width: 767px){.kadence-column42_36aa43-f2 > .kt-inside-inner-col{flex-direction:column;}}.kadence-column42_36aa43-f2 {  margin-top:3px;margin-right:60px;margin-bottom:3px;margin-left:60px;text-indent: 36px;text-align: justify;}<\/style>\n<div class=\"wp-block-kadence-column kadence-column42_36aa43-f2\"><div class=\"kt-inside-inner-col\">\n<div class=\"wp-block-media-text is-stacked-on-mobile\"><figure class=\"wp-block-media-text__media\"><img loading=\"lazy\" decoding=\"async\" width=\"1024\" height=\"768\" src=\"https:\/\/bolyai.ro\/olimpiasz\/magyar\/wp-content\/uploads\/2025\/04\/b2-1024x768.jpg\" alt=\"\" class=\"wp-image-518 size-full\" srcset=\"https:\/\/bolyai.ro\/olimpiasz\/magyar\/wp-content\/uploads\/2025\/04\/b2-1024x768.jpg 1024w, https:\/\/bolyai.ro\/olimpiasz\/magyar\/wp-content\/uploads\/2025\/04\/b2-300x225.jpg 300w, https:\/\/bolyai.ro\/olimpiasz\/magyar\/wp-content\/uploads\/2025\/04\/b2-768x576.jpg 768w, https:\/\/bolyai.ro\/olimpiasz\/magyar\/wp-content\/uploads\/2025\/04\/b2-1536x1152.jpg 1536w, https:\/\/bolyai.ro\/olimpiasz\/magyar\/wp-content\/uploads\/2025\/04\/b2.jpg 1600w\" sizes=\"auto, (max-width: 1024px) 100vw, 1024px\" \/><\/figure><div class=\"wp-block-media-text__content\">\n<h4 class=\"wp-block-heading\" style=\"margin-top:18px;margin-bottom:18px\">Bolyai Farkas L\u00edceum<\/h4>\n\n\n\n<p style=\"margin-top:3px;margin-bottom:3px\">A n\u00e9vad\u00e1s ut\u00e1n nagy lend\u00fclettel k\u00e9sz\u00fcltek az iskola fenn\u00e1ll\u00e1s\u00e1nak 400. \u00e9vfordul\u00f3j\u00e1ra. A megeml\u00e9kez\u00e9s, amelyen az iskola mellett r\u00e9szt vett a v\u00e1ros \u00e9s az \u00f6regdi\u00e1kok is, t\u00f6bb h\u00f3napon \u00e1t tartott. \u00c1llami p\u00e9nzb\u0151l fel\u00faj\u00edtott\u00e1k az \u00e9p\u00fcletet, \u00e9s leleplezt\u00e9k a Csorv\u00e1ssy Istv\u00e1n \u00e9s Izs\u00e1k M\u00e1rton \u00e1ltal k\u00e9sz\u00edtett Bolyaiak szobrot.<\/p>\n\n\n\n<p style=\"margin-top:3px;margin-bottom:3px\">Az orsz\u00e1g politikai ir\u00e1nyvonala alapj\u00e1n az \u00fajabb v\u00e1ltoz\u00e1s az 1960-as tan\u00e9v elej\u00e9n k\u00f6vetkezett be. A kommunista p\u00e1rt elrendelte a rom\u00e1n oszt\u00e1lyok ind\u00edt\u00e1s\u00e1t, \u00edgy 403 \u00e9v ut\u00e1n az iskola elvesz\u00edtette a kiz\u00e1r\u00f3lag magyar tannyelv\u0171 jelleg\u00e9t. Az iskola t\u00f6rt\u00e9nelm\u00e9ben el\u0151sz\u00f6r neveztek ki a magyar, Kozma B\u00e9la igazgat\u00f3 mell\u00e9 rom\u00e1n igazgat\u00f3helyettest Vera Icl\u0103nzean szem\u00e9ly\u00e9ben.<\/p>\n\n\n\n<p style=\"margin-top:3px;margin-bottom:3px\">Az iskola neve 1957-1965 k\u00f6z\u00f6tt Bolyai Farkas 2-es sz\u00e1m\u00fa K\u00f6z\u00e9piskola. 1965-t\u0151l egy minisztertan\u00e1csi hat\u00e1rozat alapj\u00e1n, amely \u00e1tszervezte az eg\u00e9sz rom\u00e1n tan\u00fcgyi rendszert, v\u00e1ltozott az iskola besorol\u00e1sa is, \u00edgy az \u00faj neve Bolyai Farkas L\u00edceum lett. Ezt a nevet viselte 1977-ig.<\/p>\n<\/div><\/div>\n\n\n\n<p style=\"margin-top:3px;margin-bottom:3px\">1977. j\u00falius 12-\u00e9n megjelent az \u00e1llamtan\u00e1cs 207\/1977-es t\u00f6rv\u00e9nyerej\u0171 rendelete, amely a k\u00f6z\u00e9piskolai oktat\u00e1s szervez\u00e9s\u00e9t \u00e9s m\u0171k\u00f6d\u00e9s\u00e9t szab\u00e1lyozta. Ennek \u00e9rtelm\u00e9ben az iskola \u00faj neve Bolyai Farkas Matematika-Fizika L\u00edceum.<\/p>\n\n\n\n<p style=\"margin-top:3px;margin-bottom:3px\">A kommunista hat\u00f3s\u00e1gok utas\u00edt\u00e1s\u00e1ra 1981-ben elkezd\u0151d\u00f6tt az elemi oszt\u00e1lyok felsz\u00e1mol\u00e1sa, ez volt az els\u0151 \u00e9v, amikor nem ind\u00edthattak \u00faj els\u0151 oszt\u00e1lyt, az 1984-1985-\u00f6s tan\u00e9vre ezek teljesen elt\u0171ntek az iskol\u00e1b\u00f3l. A hat\u00f3s\u00e1gok k\u00f6vetkez\u0151 c\u00e9lkit\u0171z\u00e9se az \u00e1ltal\u00e1nos iskolai oszt\u00e1lyok felsz\u00e1mol\u00e1sa volt. Ez az 1988\/1989-es tan\u00e9vben k\u00f6vetkezett be.<\/p>\n\n\n\n<p>M\u00e9rf\u00f6ldk\u0151nek tekinthetj\u00fck azt az 1987. janu\u00e1r 14-\u00e9n kiadott miniszt\u00e9riumi d\u00f6nt\u00e9st is, amely alapj\u00e1n az iskola 430 \u00e9ves t\u00f6rt\u00e9nelm\u00e9ben el\u0151sz\u00f6r neveztek ki rom\u00e1n nemzetis\u00e9g\u0171 igazgat\u00f3t \u0218uteu Sabina szem\u00e9ly\u00e9ben. A rom\u00e1n igazgat\u00f3n\u0151t k\u00e9t magyar igazgat\u00f3helyettes, B\u00f3ni J\u00e1nos \u00e9s Horv\u00e1th Szabolcs seg\u00edtett\u00e9k az iskola ir\u00e1ny\u00edt\u00e1s\u00e1ban.<\/p>\n\n\n\n<h4 class=\"wp-block-heading\">Rendszerv\u00e1lt\u00e1s az orsz\u00e1gban \u2013 rendszerv\u00e1lt\u00e1s az iskol\u00e1ban<\/h4>\n\n\n\n<p style=\"margin-top:3px;margin-bottom:3px\">Az 1989-ben bek\u00f6vetkezett politikai, t\u00e1rsadalmi v\u00e1ltoz\u00e1sok iskol\u00e1nkat sem ker\u00fclt\u00e9k el. Az \u00faj rendszert\u0151l az eg\u00e9sz v\u00e1ros nagy v\u00e1ltoz\u00e1sokat rem\u00e9lt. A magyar lakoss\u00e1g p\u00e9ld\u00e1ul a Bolyai Farkas K\u00f6z\u00e9piskola magyar tannyelv\u0171 l\u00edceumm\u00e1 t\u00f6rt\u00e9n\u0151 vissza\u00e1ll\u00edt\u00e1s\u00e1t. A forradalomt\u00f3l rem\u00e9lt v\u00e1ltoz\u00e1s nem k\u00f6vetkezett be, erre m\u00e9g 12 \u00e9vet v\u00e1rni kellett.<\/p>\n\n\n\n<h4 class=\"wp-block-heading\">Az \u00fajraindul\u00f3 reform\u00e1tus oszt\u00e1lyok<\/h4>\n\n\n\n<p style=\"margin-top:3px;margin-bottom:3px\">A rendszerv\u00e1lt\u00e1s pillanat\u00e1t k\u00f6vetve megjelent annak az ig\u00e9nye is, hogy Marosv\u00e1s\u00e1rhelyen \u00fajrainduljon az 1948-ban megsz\u00fcntetett Reform\u00e1tus Koll\u00e9gium. A hat\u00f3s\u00e1gok 1994-ben enged\u00e9lyezt\u00e9k egy oszt\u00e1ly indul\u00e1s\u00e1t a Bolyai Farkas Elm\u00e9leti L\u00edceum keret\u00e9n bel\u00fcl. A reform\u00e1tus oszt\u00e1lyok 2000-ig maradtak a Bolyai keret\u00e9ben, ekkor ugyanis a Reform\u00e1tus Koll\u00e9gium \u00f6n\u00e1ll\u00f3 int\u00e9zm\u00e9nny\u00e9 alakult.<\/p>\n\n\n\n<h4 class=\"wp-block-heading\">Az iskola magyar jelleg\u00e9nek vissza\u00e1ll\u00edt\u00e1sa<\/h4>\n\n\n\n<p style=\"margin-top:3px;margin-bottom:3px\">2002 janu\u00e1rj\u00e1ban sz\u00fcletett meg az a politikai d\u00f6nt\u00e9s, amely lehet\u0151v\u00e9 tette a Bolyai magyar jelleg\u00e9nek a vissza\u00e1ll\u00edt\u00e1s\u00e1t. 2002 \u00e1prilis\u00e1nak v\u00e9g\u00e9n az iskola vezet\u0151tan\u00e1csa is emellett d\u00f6nt\u00f6tt. A vezet\u0151s\u00e9gi tan\u00e1cs megfogalmazta azon \u00e1ll\u00e1spontj\u00e1t, hogy a rom\u00e1n oszt\u00e1lyok kivonul\u00e1sa fokozatos legyen. Erre r\u00e1b\u00f3lintott a korm\u00e1nyp\u00e1rt \u00e9s a tan\u00fcgyminiszter is. \u00cdgy teh\u00e1t 2002-vel kezd\u0151d\u0151en nem ind\u00edtottak rom\u00e1n tannyelv\u0171 oszt\u00e1lyokat a Bolyaiban. Az utols\u00f3 rom\u00e1n oszt\u00e1ly 2005-ben v\u00e9gzett, az \u00faj iskolai \u00e9vvel kezd\u0151d\u0151en pedig vissza\u00e1llt a magyar jelleg.<\/p>\n\n\n\n<h4 class=\"wp-block-heading\" style=\"margin-right:0;margin-left:0\">Katolikus oszt\u00e1lyok a Bolyaiban<\/h4>\n\n\n\n<p style=\"margin-top:3px;margin-bottom:3px\">Marosv\u00e1s\u00e1rhely magyar k\u00f6z\u00f6ss\u00e9ge a katolikus oktat\u00e1s \u00fajraindul\u00e1s\u00e1t is szorgalmazta. Ez 2004-ben v\u00e1lt lehets\u00e9gess\u00e9, amikor a katolikus gimn\u00e1zium \u00e9p\u00fclete visszaker\u00fclt az egyh\u00e1z tulajdon\u00e1ba. Rem\u00e9ny volt arra is, hogy \u00fajraalap\u00edtj\u00e1k a gimn\u00e1ziumot, \u00e9s \u00edgy t\u00f6bb \u00e9vtizedes sz\u00fcnet ut\u00e1n \u00fajra elkezd\u0151dhet a r\u00f3mai katolikus felekezeti oktat\u00e1s a v\u00e1rosban. Erre azonban nem ker\u00fclt sor, az \u00faj int\u00e9zm\u00e9ny nem j\u00f6hetett l\u00e9tre, csak katolikus teol\u00f3giai oszt\u00e1lyokat enged\u00e9lyeztek azzal a kik\u00f6t\u00e9ssel, hogy valamelyik marosv\u00e1s\u00e1rhelyi l\u00edceum fogadja be \u0151ket. K\u00e9t marosv\u00e1s\u00e1rhelyi l\u00edceum elz\u00e1rk\u00f3zott a katolikus oszt\u00e1lyok befogad\u00e1s\u00e1t\u00f3l, az Unirea \u00e9s a M\u0171v\u00e9szeti L\u00edceum is. Egyed\u00fcl a Bolyai volt hajland\u00f3 erre, \u00edgy 2004 szeptember\u00e9ben megkezdte m\u0171k\u00f6d\u00e9s\u00e9t az els\u0151 katolikus teol\u00f3giai oszt\u00e1ly a Bolyai keret\u00e9n bel\u00fcl.<\/p>\n\n\n\n<p style=\"margin-top:3px;margin-bottom:3px\">Az \u00f6n\u00e1ll\u00f3 katolikus iskola l\u00e9trehoz\u00e1s\u00e1ra v\u00e9g\u00fcl 2015-ben ny\u00edlt lehet\u0151s\u00e9g. Azonban politikai csat\u00e1roz\u00e1sok, tulajdonjogi vit\u00e1k miatt 2017-ben a hat\u00f3s\u00e1gok megsz\u00fcntetik az \u00f6n\u00e1ll\u00f3 katolikus iskol\u00e1t. Egy 2017. szeptember 8-\u00e1n kiadott miniszteri rendelet alapj\u00e1n az oszt\u00e1lyok visszaker\u00fclnek a Bolyaiba.<\/p>\n\n\n\n<p style=\"margin-top:3px;margin-bottom:3px\">2018 augusztus\u00e1ban az Oktat\u00e1si Miniszt\u00e9rium Min\u0151s\u00e9gellen\u0151rz\u0151 Bizotts\u00e1ga l\u00e1togatta meg az iskol\u00e1t. A Bolyai igazgat\u00f3s\u00e1ga, a megsz\u00fcntetett katolikus iskola tan\u00e1ri kara, valamint a magyar \u00e9rdekv\u00e9delmi szervezet szakemberei \u00e1ltal \u00f6ssze\u00e1ll\u00edtott iratcsom\u00f3 \u00e9s az iskola \u00e9p\u00fclet\u00e9nek megvizsg\u00e1l\u00e1sa ut\u00e1n a miniszt\u00e9rium elrendelte a tanint\u00e9zm\u00e9ny \u00fajraind\u00edt\u00e1s\u00e1t 2018. szeptember 1-j\u00e9t\u0151l.<\/p>\n\n\n\n<p style=\"margin-top:3px;margin-bottom:3px\">2022 m\u00e1jus\u00e1ban a Rom\u00e1niai Legfels\u0151bb B\u00edr\u00f3s\u00e1g megsz\u00fcntette a II. R\u00e1k\u00f3czi Ferenc R\u00f3mai Katolikus Teol\u00f3giai L\u00edceumot. A d\u00f6nt\u00e9s k\u00f6vetkezt\u00e9ben a katolikus iskola di\u00e1kjai \u00e9s tan\u00e1rai \u00fajb\u00f3l a Bolyai Farkas Elm\u00e9leti L\u00edceumhoz ker\u00fcltek, ahol napjainkban is m\u0171k\u00f6dnek.<\/p>\n\n\n\n<p style=\"margin-top:3px;margin-bottom:3px\">Az Erd\u00e9lyi Reform\u00e1tus Egyh\u00e1zker\u00fclet 2007-ben kapta vissza az 1948-ban a kommunist\u00e1k \u00e1ltal \u00e1llamos\u00edtott \u00e9p\u00fcletet. Az \u00e9p\u00fclet tulajdonos\u00e1nak 2018-ban siker\u00fclt enged\u00e9lyt szerezni a S\u00e1ros utc\u00e1ra n\u00e9z\u0151, az intern\u00e1tusnak is helyet ad\u00f3 \u00e9p\u00fclett\u00f6mb fel\u00faj\u00edt\u00e1s\u00e1ra. Ennek az \u00e9p\u00fcletr\u00e9sznek a fel\u00faj\u00edt\u00e1s\u00e1t 2020 \u0151sz\u00e9re fejezt\u00e9k be, \u00e9s adt\u00e1k \u00e1t a k\u00e9t iskol\u00e1nak haszn\u00e1latra. 2021. janu\u00e1r 25-\u00e9n elkezd\u0151d\u00f6tt a f\u0151\u00e9p\u00fclet fel\u00faj\u00edt\u00e1sa. A fel\u00faj\u00edtott \u00e9p\u00fcletet 2022. okt\u00f3ber 31-\u00e9n adt\u00e1k \u00e1t.<\/p>\n\n\n\n<p style=\"margin-top:3px;margin-bottom:3px\">\u00dajabb t\u00f6rt\u00e9nelmi pillanat k\u00f6vetkezett be az iskola \u00e9let\u00e9ben 2019. szeptember 14-\u00e9n, amikor nagytisztelet\u0171 Kat\u00f3 B\u00e9la, az Erd\u00e9lyi Reform\u00e1tus Egyh\u00e1zker\u00fclet p\u00fcsp\u00f6ke \u00e9s M\u00e1t\u00e9fi Istv\u00e1n, az iskola igazgat\u00f3ja egy\u00fcttm\u0171k\u00f6d\u00e9si meg\u00e1llapod\u00e1st \u00edrtak al\u00e1 az iskola tan\u00e1ri szob\u00e1j\u00e1ban. A meg\u00e1llapod\u00e1s \u00e9rtelm\u00e9ben az iskola vezet\u0151s\u00e9ge \u00e9s nevel\u0151test\u00fclete v\u00e1llalja az Egyh\u00e1zker\u00fclet vezet\u0151s\u00e9g\u00e9vel, Tan\u00fcgyi Oszt\u00e1ly\u00e1val \u00e9s a Reform\u00e1tus Pedag\u00f3giai Int\u00e9zet\u00e9vel val\u00f3 egy\u00fcttm\u0171k\u00f6d\u00e9st, j\u00f3 gazdak\u00e9nt haszn\u00e1lja \u00e9s tartja karban az egyh\u00e1z tulajdon\u00e1ban lev\u0151 \u00e9p\u00fcletet.<\/p>\n\n\n\n<p>(A k\u00e9pek forr\u00e1sa: Fortepan\/Gy\u00f6ngyi, Wikimedia Commons)<\/p>\n<\/div><\/div>\n","protected":false},"excerpt":{"rendered":"<p>A Schola Particul\u00e1t\u00f3l a Bolyai Farkas Elm\u00e9leti L\u00edceumig A kezdet Nagy Szab\u00f3 Ferenc XVII. sz\u00e1zadi kr\u00f3nik\u00e1s feljegyz\u00e9sei szerint a Bolyai Farkas Elm\u00e9leti L\u00edceum mai \u00e9p\u00fclet\u00e9nek hely\u00e9n, a Szent Mikl\u00f3s pl\u00e9b\u00e1niatemplom melletti \u00e9p\u00fcletben pl\u00e9b\u00e1niai iskola m\u0171k\u00f6d\u00f6tt a XVI. sz\u00e1zadban. Ugyanebben az id\u0151szakban a ferences rendiek a V\u00e1rdombra kolostorral k\u00f6r\u00fclvett impoz\u00e1ns templomot \u00e9p\u00edtettek. A felt\u00e9telez\u00e9sek szerint itt&#8230;<\/p>\n","protected":false},"author":1,"featured_media":0,"parent":0,"menu_order":0,"comment_status":"closed","ping_status":"closed","template":"","meta":{"_kad_blocks_custom_css":"","_kad_blocks_head_custom_js":"","_kad_blocks_body_custom_js":"","_kad_blocks_footer_custom_js":"","_kadence_starter_templates_imported_post":false,"_kad_post_transparent":"","_kad_post_title":"","_kad_post_layout":"","_kad_post_sidebar_id":"","_kad_post_content_style":"","_kad_post_vertical_padding":"","_kad_post_feature":"","_kad_post_feature_position":"","_kad_post_header":false,"_kad_post_footer":false,"footnotes":""},"class_list":["post-42","page","type-page","status-publish","hentry"],"taxonomy_info":[],"featured_image_src_large":false,"author_info":{"display_name":"suport","author_link":"https:\/\/bolyai.ro\/olimpiasz\/magyar\/author\/suport\/"},"comment_info":0,"_links":{"self":[{"href":"https:\/\/bolyai.ro\/olimpiasz\/magyar\/wp-json\/wp\/v2\/pages\/42","targetHints":{"allow":["GET"]}}],"collection":[{"href":"https:\/\/bolyai.ro\/olimpiasz\/magyar\/wp-json\/wp\/v2\/pages"}],"about":[{"href":"https:\/\/bolyai.ro\/olimpiasz\/magyar\/wp-json\/wp\/v2\/types\/page"}],"author":[{"embeddable":true,"href":"https:\/\/bolyai.ro\/olimpiasz\/magyar\/wp-json\/wp\/v2\/users\/1"}],"replies":[{"embeddable":true,"href":"https:\/\/bolyai.ro\/olimpiasz\/magyar\/wp-json\/wp\/v2\/comments?post=42"}],"version-history":[{"count":31,"href":"https:\/\/bolyai.ro\/olimpiasz\/magyar\/wp-json\/wp\/v2\/pages\/42\/revisions"}],"predecessor-version":[{"id":531,"href":"https:\/\/bolyai.ro\/olimpiasz\/magyar\/wp-json\/wp\/v2\/pages\/42\/revisions\/531"}],"wp:attachment":[{"href":"https:\/\/bolyai.ro\/olimpiasz\/magyar\/wp-json\/wp\/v2\/media?parent=42"}],"curies":[{"name":"wp","href":"https:\/\/api.w.org\/{rel}","templated":true}]}}