{"id":40,"date":"2025-04-03T09:12:53","date_gmt":"2025-04-03T09:12:53","guid":{"rendered":"https:\/\/bolyai.ro\/olimpiasz\/?page_id=40"},"modified":"2025-04-03T09:12:53","modified_gmt":"2025-04-03T09:12:53","slug":"marosvasarhelyrol","status":"publish","type":"page","link":"https:\/\/bolyai.ro\/olimpiasz\/matek\/marosvasarhelyrol\/","title":{"rendered":"Marosv\u00e1s\u00e1rhelyr\u0151l"},"content":{"rendered":"<style>.kadence-column40_74e980-8d > .kt-inside-inner-col,.kadence-column40_74e980-8d > .kt-inside-inner-col:before{border-top-left-radius:0px;border-top-right-radius:0px;border-bottom-right-radius:0px;border-bottom-left-radius:0px;}.kadence-column40_74e980-8d > .kt-inside-inner-col{column-gap:var(--global-kb-gap-sm, 1rem);}.kadence-column40_74e980-8d > .kt-inside-inner-col{flex-direction:column;}.kadence-column40_74e980-8d > .kt-inside-inner-col > .aligncenter{width:100%;}.kadence-column40_74e980-8d > .kt-inside-inner-col:before{opacity:0.3;}.kadence-column40_74e980-8d{position:relative;}@media all and (max-width: 1024px){.kadence-column40_74e980-8d > .kt-inside-inner-col{flex-direction:column;}}@media all and (max-width: 767px){.kadence-column40_74e980-8d > .kt-inside-inner-col{flex-direction:column;}}.kadence-column40_74e980-8d {  text-indent: 36px;  text-align: justify;}<\/style>\n<div class=\"wp-block-kadence-column kadence-column40_74e980-8d\"><div class=\"kt-inside-inner-col\">\n<h2 class=\"wp-block-heading\">Sz\u00e9kelyv\u00e1s\u00e1rhelyt\u0151l Marosv\u00e1s\u00e1rhelyig<\/h2>\n\n\n\n<p style=\"margin-top:3px;margin-bottom:14px\">Marosv\u00e1s\u00e1rhely Maros megye k\u00f6zigazgat\u00e1si k\u00f6zpontja \u00e9s egyben legn\u00e9pesebb v\u00e1rosa. Az egykoron Sz\u00e9kelyv\u00e1s\u00e1rhelyk\u00e9nt ismert telep\u00fcl\u00e9s az Erd\u00e9lyi-medence k\u00f6zponti r\u00e9sz\u00e9n, a Mez\u0151s\u00e9g \u00e9s a K\u00fck\u00fcll\u0151k dombvid\u00e9k\u00e9nek tal\u00e1lkoz\u00e1s\u00e1n\u00e1l j\u00f6tt l\u00e9tre, a Sz\u00e9kelyf\u00f6ld \u00e9szaki perem\u00e9n. Kialakul\u00e1s\u00e1ban fontos szerepet j\u00e1tszott a Maros foly\u00f3, amelynek k\u00f6zels\u00e9ge biztos\u00edtotta az emberi k\u00f6z\u00f6ss\u00e9gek fennmarad\u00e1shoz elengedhetetlen v\u00edzell\u00e1t\u00e1st. Ezenk\u00edv\u00fcl a Sz\u00e1szr\u00e9gen, Segesv\u00e1r \u00e9s Kolozsv\u00e1r ir\u00e1ny\u00e1b\u00f3l \u00e9rkez\u0151 \u00fatvonalak keresztez\u0151d\u00e9se megteremtette azokat a gazdas\u00e1gi felt\u00e9teleket, amelyeknek k\u00f6sz\u00f6nhet\u0151en a v\u00e1ros felvir\u00e1gzott.<\/p>\n\n\n\n<p style=\"margin-top:3px;margin-bottom:14px\">V\u00e1s\u00e1rhely, ahogy a v\u00e1ros lak\u00f3i nevezik saj\u00e1t telep\u00fcl\u00e9s\u00fcket, hossz\u00fa \u00e9s gazdag t\u00f6rt\u00e9nelmi m\u00faltra tekint vissza. A v\u00e1ros ter\u00fclet\u00e9n megtal\u00e1lhat\u00f3ak \u00fajk\u0151kori, r\u00e9zkori \u00e9s bronzkori telep\u00fcl\u00e9sek nyomai. Ezek a telep\u00fcl\u00e9sek f\u0151leg a mai V\u00e1r ter\u00fclet\u00e9n j\u00f6ttek l\u00e9tre, kihaszn\u00e1lva a Maros \u00e1rter\u00fclet\u00e9t ural\u00f3 dombok \u00e1ltal ny\u00fajtott biztons\u00e1got. Az \u00f3korban ugyanitt j\u00f6ttek l\u00e9tre kisebb-nagyobb telep\u00fcl\u00e9sek, amelyeknek lak\u00f3i az \u00e9vsz\u00e1zadok sor\u00e1n a szk\u00edt\u00e1k, tr\u00e1kok, kelt\u00e1k, d\u00e1kok, r\u00f3maiak \u00e9s g\u00f3tok k\u00f6z\u00fcl ker\u00fcltek ki. A n\u00e9pv\u00e1ndorl\u00e1s id\u0151szaka sem szak\u00edtotta meg ezt a hagyom\u00e1nyt, ebb\u0151l a zavaros id\u0151szakb\u00f3l is siker\u00fclt r\u00e9g\u00e9szetileg bizony\u00edtani emberi telep\u00fcl\u00e9sek nyomainak l\u00e9tez\u00e9s\u00e9t a mai V\u00e1s\u00e1rhely ter\u00fclet\u00e9n.<\/p>\n\n\n\n<p style=\"margin-top:3px;margin-bottom:14px\">A honfoglal\u00e1s ut\u00e1ni id\u0151szakokb\u00f3l Marosv\u00e1s\u00e1rhely ter\u00fclet\u00e9n a r\u00e9g\u00e9szek egy \u00c1rp\u00e1d-kori falu l\u00e9tez\u00e9s\u00e9nek nyomait t\u00e1rt\u00e1k fel, amelyek lak\u00f3i minden bizonnyal a magyars\u00e1ghoz k\u00f6thet\u0151ek. Erre a lakoss\u00e1gra telepedtek r\u00e1 a XII. sz\u00e1zad m\u00e1sodik fel\u00e9ben meg\u00e9rkez\u0151 sz\u00e9kelyek, akik egy m\u00e1r megl\u00e9v\u0151 telep\u00fcl\u00e9srendszert vettek \u00e1t a sz\u00e1mukra kialak\u00edtott Marossz\u00e9ken. Teh\u00e1t Marosv\u00e1s\u00e1rhely, mint v\u00e1ros t\u00f6rt\u00e9nete a XI\u2013XIII. sz\u00e1zadok k\u00f6z\u00f6tt kezd\u0151dik. Az els\u0151 \u00edrott forr\u00e1sokban Novum Forum Siculorum, vagyis \u00daj Sz\u00e9kelyv\u00e1s\u00e1rhely n\u00e9vvel eml\u00edtik meg. A n\u00e9v utal arra, hogy a lassan mez\u0151v\u00e1ross\u00e1 fejl\u0151d\u0151 telep\u00fcl\u00e9sen v\u00e1s\u00e1rokat tartottak, \u00e9s megtelepedtek a k\u00e9zm\u0171vesek is, akik sz\u00e1mbeli n\u00f6veked\u00e9s\u00fcknek k\u00f6sz\u00f6nhet\u0151en c\u00e9heket alap\u00edtottak. Az els\u0151 ismert c\u00e9hkiv\u00e1lts\u00e1glev\u00e9l 1493-b\u00f3l sz\u00e1rmazik, \u00e9s a m\u00e9sz\u00e1rosok c\u00e9h\u00e9hez k\u00f6thet\u0151. A v\u00e1ros fejl\u0151d\u00e9s\u00e9ben az \u00c1rp\u00e1d-korban miden bizonnyal fontos szerepet j\u00e1tszottak a domonkos szerzetesek, akiknek rom\u00e1n st\u00edlusban \u00e9p\u00fclt kolostora a tat\u00e1rj\u00e1r\u00e1s puszt\u00edt\u00e1sainak k\u00f6vetkezt\u00e9ben semmis\u00fclt meg. A lassan mag\u00e1hoz t\u00e9r\u0151 telep\u00fcl\u00e9sen a XIII. sz\u00e1zad m\u00e1sodik fel\u00e9ben a minorita ferencesek telepedtek meg, akik elkezdt\u00e9k \u00e9p\u00edteni a v\u00e1ros egyik jelk\u00e9p\u00e9nek tekintett V\u00e1rtemplomot g\u00f3tikus st\u00edlusban.<\/p>\n\n\n\n<p style=\"margin-top:3px;margin-bottom:14px\">A XIV. sz\u00e1zadban a v\u00e1rosfejl\u0151d\u00e9s felgyorsul\u00e1s\u00e1nak vagyunk tan\u00fai. A mez\u0151v\u00e1ros \u00e9l\u00e9n ekkor m\u00e1r b\u00edr\u00f3 \u00e1llt. A p\u00e1pai tizedjegyzet tan\u00fas\u00e1ga szerint a Sz\u00e9kelyv\u00e1s\u00e1rhelyen m\u0171k\u00f6d\u0151 Szent Mikl\u00f3s-templom, amely a mai Bolyai Farkas Elm\u00e9leti L\u00edceum hely\u00e9n \u00e1llt, Sz\u00e9kelyf\u00f6ld legj\u00f6vedelmez\u0151bb pl\u00e9b\u00e1ni\u00e1ja volt. Az ekkor m\u00e1r er\u0151d\u00edtm\u00e9nnyel is rendelkez\u0151 v\u00e1ros jelent\u0151s\u00e9g\u00e9t bizony\u00edtja, hogy itt tartanak sz\u00e9kgy\u0171l\u00e9seket \u00e9s a sz\u00e9kely isp\u00e1n innen \u00e1ll\u00edt ki okleveleket. S\u0151t I. (Nagy) Lajos kir\u00e1ly is t\u00f6bbsz\u00f6r megfordult a telep\u00fcl\u00e9sen, \u00e9s a kancell\u00e1ri\u00e1ja t\u00f6bb oklevelet is kiadott a v\u00e1rosb\u00f3l.<\/p>\n\n\n\n<p style=\"margin-top:3px;margin-bottom:14px\">M\u00e1ty\u00e1s kir\u00e1ly uralkod\u00e1sa idej\u00e9n Sz\u00e9kelyv\u00e1s\u00e1rhely, amelyet ekkor a b\u00edr\u00f3 mellett esk\u00fcdtek is ir\u00e1ny\u00edtanak, b\u00edr\u00e1skod\u00e1si kiv\u00e1lts\u00e1gokat kapott a kir\u00e1lyt\u00f3l annak ellen\u00e9re, hogy lak\u00f3i nem mindig voltak h\u0171s\u00e9gesek az uralkod\u00f3hoz. Ugyancsak ebb\u0151l az id\u0151szakb\u00f3l sz\u00e1rmazik a legr\u00e9gebbi ismert, a v\u00e1s\u00e1rtart\u00e1si jogot biztos\u00edt\u00f3 oklev\u00e9l is. Ennek \u00e9rtelm\u00e9ben a mez\u0151v\u00e1rosban cs\u00fct\u00f6rt\u00f6k\u00f6n hetipiacot, valamint \u00e9vente h\u00e1rom orsz\u00e1gos v\u00e1s\u00e1rt tartanak. Ezen kiv\u00e1lts\u00e1gok bizony\u00edtj\u00e1k a v\u00e1ros gazdas\u00e1gi \u00e9s politikai s\u00faly\u00e1nak tov\u00e1bbi n\u00f6veked\u00e9s\u00e9t.<\/p>\n\n\n\n<p style=\"margin-top:3px;margin-bottom:14px\">A XVI. sz\u00e1zad, amely a magyar t\u00f6rt\u00e9nelem egyik legviharosabb id\u0151szaka, r\u00e1nyomta b\u00e9lyeg\u00e9t V\u00e1s\u00e1rhely tov\u00e1bbi fejl\u0151d\u00e9s\u00e9re is. A moh\u00e1csi v\u00e9sz \u00e9s az azt k\u00f6vet\u0151 polg\u00e1rh\u00e1bor\u00fas id\u0151szak bizonytalan id\u0151ket \u00e9s puszt\u00edt\u00e1st okoztak Erd\u00e9lyben is. Az orsz\u00e1g h\u00e1rom r\u00e9szre szakad\u00e1sa miatt V\u00e1s\u00e1rhely a t\u00f6r\u00f6k fennhat\u00f3s\u00e1g alatt kibontakoz\u00f3 Erd\u00e9lyi Fejedelems\u00e9g ter\u00fclet\u00e9n tal\u00e1lta mag\u00e1t. T\u00f6bbsz\u00f6r itt tart orsz\u00e1ggy\u0171l\u00e9st a h\u00e1rom nemzet, ezeken pedig fontos d\u00f6nt\u00e9seket hoznak a Fejedelems\u00e9g megszervez\u00e9s\u00e9vel kapcsolatban, p\u00e9ld\u00e1ul itt v\u00e1lasztj\u00e1k meg helytart\u00f3nak Fr\u00e1ter Gy\u00f6rgy\u00f6t, vagy itt teszik le a h\u0171s\u00e9gesk\u00fct a rendek I. Ferdin\u00e1ndnak.&nbsp; A bizonytalan id\u0151k ellen\u00e9re a v\u00e1ros sikeresen meg\u0151rzi kiv\u00e1lts\u00e1gait.<\/p>\n\n\n\n<p style=\"margin-top:3px;margin-bottom:14px\">I. Ferdin\u00e1nd, k\u00e9s\u0151bb Izabella kir\u00e1lyn\u00e9, majd II. J\u00e1nos (Zsigmond), Magyarorsz\u00e1g v\u00e1lasztott kir\u00e1lya is meger\u0151s\u00edti ezeket. B\u00e1thory Zsigmond erd\u00e9lyi fejedelem, folytatva el\u0151dei politik\u00e1j\u00e1t, \u00fajabb kiv\u00e1lts\u00e1gokat biztos\u00edt V\u00e1s\u00e1rhelynek.<\/p>\n\n\n\n<p style=\"margin-top:3px;margin-bottom:14px\">A sz\u00e1zad politikai esem\u00e9nyeivel p\u00e1rhuzamosan kibontakoz\u00f3 vall\u00e1si meg\u00fajul\u00e1s is r\u00e1nyomja b\u00e9lyeg\u00e9t V\u00e1s\u00e1rhely fejl\u0151d\u00e9s\u00e9re. A v\u00e1ros lak\u00f3i csatlakoznak a reform\u00e1ci\u00f3hoz, nemsok\u00e1ra a V\u00e1rtemplom is a protest\u00e1ns felekezetek tulajdon\u00e1ba ker\u00fclt. Itt tartj\u00e1k meg 1559-ben a protest\u00e1ns zsinatot, amelyen elfogadj\u00e1k a k\u00e1lvini \u00farvacsora tan\u00e1t, \u00e9s elk\u00e9sz\u00edtik az els\u0151 magyar nyelv\u0171 reform\u00e1tus hitvall\u00e1st. Ezzel p\u00e1rhuzamosan a v\u00e1ros 1557-ben befogadta a S\u00e1rospatakr\u00f3l menek\u00fcl\u0151 tan\u00e1rokat \u00e9s di\u00e1kokat, az \u00edgy l\u00e9trej\u00f6v\u0151 \u00e9s hamarosan koll\u00e9giumm\u00e1 fejl\u0151d\u0151 reform\u00e1tus iskol\u00e1nak k\u00f6sz\u00f6nhet\u0151en V\u00e1s\u00e1rhely oktat\u00e1si k\u00f6zpontt\u00e1 v\u00e1lt.<\/p>\n\n\n\n<p style=\"margin-top:3px;margin-bottom:14px\">A XVI\u2013XVII. sz\u00e1zadok fordul\u00f3j\u00e1n lezajl\u00f3 hossz\u00fa h\u00e1bor\u00fa sok szenved\u00e9st okozott a v\u00e1s\u00e1rhelyieknek, de ugyanakkor a fejl\u0151d\u00e9s lehet\u0151s\u00e9geit is mag\u00e1val hozta. Az ekkor k\u00f6r\u00fclbel\u00fcl 2000 lakos\u00fa v\u00e1ros Basta t\u00e1bornok \u00e9s Mih\u00e1ly vajda zsoldosainak puszt\u00edt\u00e1sait kell elszenvedje. A v\u00e1ros \u00e9p\u00fcleteinek nagy r\u00e9sz\u00e9t fel\u00e9gett\u00e9k a fosztogat\u00f3 zsoldosok, nem k\u00edm\u00e9lve a templomot \u00e9s az iskol\u00e1t sem. Ezen puszt\u00edt\u00e1sok hat\u00e1s\u00e1ra d\u00f6nt\u00f6tte el Borsos Tam\u00e1s f\u0151b\u00edr\u00f3 egy k\u0151v\u00e1r \u00e9p\u00edt\u00e9s\u00e9t 1602-ben. Az \u00e9p\u00edtkez\u00e9si munk\u00e1latok azonban csak lassan haladtak, \u00edgy csak a sz\u00e1zad k\u00f6zep\u00e9re siker\u00fclt fel\u00e9p\u00edteni a V\u00e1rat. Addigra viszont bek\u00f6vetkezik a v\u00e1ros fejl\u0151d\u00e9s\u00e9nek tal\u00e1n legmeghat\u00e1roz\u00f3bb esem\u00e9nye: 1616. \u00e1prilis 29-\u00e9n keltezett oklevel\u00e9ben Bethlen G\u00e1bor fejedelem a szabad kir\u00e1lyi v\u00e1rosok sor\u00e1ba emeli az oklev\u00e9l \u00e1ltal Marosv\u00e1s\u00e1rhelynek nevezett telep\u00fcl\u00e9st. A v\u00e1ros megtarthatta r\u00e9gi c\u00edmer\u00e9t, megengedik, hogy v\u00e9dm\u0171vekkel vegye k\u00f6r\u00fcl mag\u00e1t, saj\u00e1t pecs\u00e9tet \u00e9s z\u00e1szl\u00f3t enged\u00e9lyeznek sz\u00e1m\u00e1ra. \u00cdgy lesz V\u00e1s\u00e1rhely az egyetlen sz\u00e9kely telep\u00fcl\u00e9s, amely megszerezte ezt a rangot.<\/p>\n\n\n\n<p style=\"margin-top:14px;margin-bottom:14px\">A Habsburg uralom bevezet\u00e9s\u00e9vel V\u00e1s\u00e1rhelyt is a cs\u00e1sz\u00e1ri katonas\u00e1g sz\u00e1llta meg. A R\u00e1k\u00f3czi-szabads\u00e1gharc sor\u00e1n a v\u00e1r t\u00f6bbsz\u00f6r is gazd\u00e1t cser\u00e9l, de v\u00e9g\u00fcl a kurucok szil\u00e1rdan megvetik a l\u00e1bukat a v\u00e1rosban. \u00cdgy ker\u00fclhetett sor az 1707. \u00e1prilis 5. \u00e9s 21. k\u00f6z\u00f6tti v\u00e1s\u00e1rhelyi di\u00e9t\u00e1ra, amelyen beiktatt\u00e1k tiszts\u00e9g\u00e9be II. R\u00e1k\u00f3czi Ferencet, az utols\u00f3 \u00f6n\u00e1ll\u00f3 erd\u00e9lyi fejedelmet.<\/p>\n\n\n\n<p style=\"margin-top:14px;margin-bottom:14px\">A szabads\u00e1gharc lever\u00e9se ut\u00e1n az osztr\u00e1k katonas\u00e1g kilakoltatta a polg\u00e1ri lakoss\u00e1got a v\u00e1rb\u00f3l, amelyet katonai er\u0151dd\u00e9 v\u00e1ltoztattak. Azonban ez nem szak\u00edtja meg a v\u00e1ros lass\u00fa fejl\u0151d\u00e9s\u00e9t, s\u0151t a Kir\u00e1lyi T\u00e1bla Marosv\u00e1s\u00e1rhelyre helyez\u00e9se 1754-ben csak er\u0151s\u00edti ezt a folyamatot.<\/p>\n\n\n\n<p style=\"margin-top:14px;margin-bottom:14px\">A felvil\u00e1gosod\u00e1s \u00e9s a reformkor id\u0151szak\u00e1ban a v\u00e1ros Erd\u00e9ly egyik jelent\u0151s kultur\u00e1lis-tudom\u00e1nyos k\u00f6zpontj\u00e1v\u00e1 fejl\u0151dik. Itt alap\u00edt nyilv\u00e1nos k\u00f6nyvt\u00e1rat gr\u00f3f Teleki S\u00e1muel kancell\u00e1r, a Teleki T\u00e9k\u00e1t, amely mindm\u00e1ig Erd\u00e9ly egyik leg\u00e9rt\u00e9kesebb k\u00f6nyvgy\u0171jtem\u00e9ny\u00e9t \u0151rzi. El\u00e9g csak a Koncz-k\u00f3dexre gondolni, amelynek lapjai k\u00f6z\u00f6tt egyik k\u00f6z\u00e9pkori magyar nyelveml\u00e9k\u00fcnk, a Marosv\u00e1s\u00e1rhelyi sorok \u00e9s glossz\u00e1k rejt\u0151znek. Ugyancsak a v\u00e1ros falai k\u00f6z\u00f6tt lakott \u00e9s tev\u00e9kenykedett Aranka Gy\u00f6rgy nyelv\u00faj\u00edt\u00f3, a polihisztor Bolyai Farkas, valamint a magyar matematika kiemelked\u0151 alakja, Bolyai J\u00e1nos is. De itt \u00e9lt a v\u00e1s\u00e1rhelyi v\u00e1rosi legend\u00e1k mindm\u00e1ig ismert alakja, az ezermester Bodor P\u00e9ter, aki zen\u00e9l\u0151 k\u00fatj\u00e1val v\u00edvta ki mag\u00e1nak kort\u00e1rsai \u00e9s az ut\u00f3kor csod\u00e1lat\u00e1t.<\/p>\n\n\n\n<p style=\"margin-top:14px;margin-bottom:14px\">A gyorsan polg\u00e1rosod\u00f3 Marosv\u00e1s\u00e1rhely akt\u00edv szerepet j\u00e1tszik az 1848\u20131849-es szabds\u00e1gharcban is. A v\u00e1rost Bem t\u00e1bornok seregei szabad\u00edtj\u00e1k fel az osztr\u00e1k megsz\u00e1ll\u00e1s al\u00f3l, \u00e9s vel\u00fck egy\u00fctt megfordult itt Pet\u0151fi S\u00e1ndor is. Ugyancsak innen indult a magyar sereg a v\u00e9gzetes feh\u00e9regyh\u00e1zi csata helysz\u00edn\u00e9re is. A szabads\u00e1gharcot k\u00f6vet\u0151 megtorl\u00e1st is k\u00e9nytelen elszenvedni a v\u00e1ros, hiszen itt v\u00e9gzik ki a Makk-f\u00e9le \u00f6sszeesk\u00fcv\u00e9s sz\u00e9kely v\u00e9rtan\u00fait.<\/p>\n\n\n\n<p style=\"margin-top:14px;margin-bottom:14px\">A kiegyez\u00e9st k\u00f6vet\u0151 \u00e9vtizedek a v\u00e1ros vir\u00e1gz\u00e1s\u00e1t eredm\u00e9nyezik. A lakoss\u00e1g sz\u00e1ma 50 \u00e9v alatt n\u00e9gyszeres\u00e9re n\u0151, t\u00fckr\u00f6zve a gazdas\u00e1gi fejl\u0151d\u00e9s \u00fctem\u00e9t. Ebben k\u00e9ts\u00e9gtelen\u00fcl nagy szerepet j\u00e1tszott Marosv\u00e1s\u00e1rhely vas\u00fath\u00e1l\u00f3zathoz val\u00f3 csatlakoz\u00e1sa, amely 1871-ben val\u00f3sult meg.<\/p>\n\n\n\n<p style=\"margin-top:14px;margin-bottom:14px\">Az igazi vir\u00e1gkor a XX. sz\u00e1zad els\u0151 \u00e9vtizedeiben k\u00f6vetkezik be, dr. Bern\u00e1dy Gy\u00f6rgy polg\u00e1rmesters\u00e9ge idej\u00e9n. Az \u0151 vezet\u00e9se alatt \u00e9p\u00fcltek fel azok az \u00e9p\u00fcletek, amelyek a mai napig meghat\u00e1rozz\u00e1k Marosv\u00e1s\u00e1rhely k\u00f6zpontj\u00e1nak t\u00e9rszerkezet\u00e9t, a szecesszi\u00f3s st\u00edlus\u00fa V\u00e1rosh\u00e1za \u00e9s a Kult\u00farpalota Komor Marcell \u00e9s Jakab Dezs\u0151 tervei alapj\u00e1n. Ugyancsak ekkor \u00e9p\u00fclt sz\u00e1mos k\u00f6z- \u00e9s tanint\u00e9zm\u00e9ny. Egy\u00e9bk\u00e9nt Bern\u00e1dy v\u00e1rosvezet\u00e9s\u00e9nek egyik legl\u00e1tv\u00e1nyosabb fejl\u0151d\u00e9se az oktat\u00e1s ter\u00fclet\u00e9n tapasztalhat\u00f3, hiszen 1914-ben a v\u00e1rosban m\u00e1r 28 tanint\u00e9zm\u00e9ny m\u0171k\u00f6d\u00f6tt. Ezek k\u00f6z\u00fcl a legjelent\u0151sebbek a Reform\u00e1tus Koll\u00e9gium \u00e9s a Katolikus F\u0151gimn\u00e1zium, amelyek Bern\u00e1dy polg\u00e1rmesters\u00e9ge alatt \u00faj \u00e9p\u00fcletekkel b\u00fcszk\u00e9lkedhettek. Ugyanakkor a Kult\u00falpalot\u00e1ban beindult a m\u0171v\u00e9szeti oktat\u00e1s is Erkel Sarolta ir\u00e1ny\u00edt\u00e1s\u00e1val, \u00e9s a v\u00e1rosba k\u00f6lt\u00f6z\u00f6tt Kismartonb\u00f3l a katonai alre\u00e1liskola is.<\/p>\n\n\n\n<p style=\"margin-top:14px;margin-bottom:14px\">Az 1918-as imp\u00e9riumv\u00e1lt\u00e1s neh\u00e9z id\u0151ket eredm\u00e9nyezett a v\u00e1s\u00e1rhelyi magyar k\u00f6z\u00f6ss\u00e9gnek. Az el\u0151z\u0151 id\u0151szakokban fel\u00e1ll\u00edtott \u00e9s a f\u0151t\u00e9r arculat\u00e1t meghat\u00e1roz\u00f3 k\u00f6zt\u00e9ri szobrok \u00e9s eml\u00e9km\u0171vek elt\u0171ntek, hely\u00fcket ortodox \u00e9s g\u00f6r\u00f6gkatolikus templomok veszik \u00e1t. A v\u00e1ros lakoss\u00e1g\u00e1nak h\u00e1romnegyed\u00e9t magyarok alkotj\u00e1k, ennek ellen\u00e9re csak 1926\u20131929 k\u00f6z\u00f6tt volt a v\u00e1rosnak magyar polg\u00e1rmestere ism\u00e9t Bern\u00e1dy Gy\u00f6rgy szem\u00e9ly\u00e9ben. A m\u00e1sodik b\u00e9csi d\u00f6nt\u00e9s k\u00f6vetkezt\u00e9ben 1940\u20131944 k\u00f6z\u00f6tt bek\u00f6vetkezett a kis magyar vil\u00e1g, amelynek gazdas\u00e1gi \u00e9s kultur\u00e1lis eredm\u00e9nyeit elhom\u00e1lyos\u00edtj\u00e1k a h\u00e1bor\u00fa puszt\u00edt\u00e1sai.&nbsp; A deport\u00e1lt zsid\u00f3 k\u00f6z\u00f6ss\u00e9g elt\u0171n\u00e9se p\u00f3tolhatatlan vesztes\u00e9get okozott a telep\u00fcl\u00e9s polg\u00e1ri \u00e9s gazdas\u00e1gi \u00e9let\u00e9ben.<\/p>\n\n\n\n<p style=\"margin-top:14px;margin-bottom:14px\">A kommunista diktat\u00fara jelent\u0151s v\u00e1ltoz\u00e1sokat eredm\u00e9nyezett Marosv\u00e1s\u00e1rhely \u00e9let\u00e9ben. A v\u00e1ros lett a kommunista p\u00e1rtszervez\u00e9s sz\u00e9kelyf\u00f6ldi k\u00f6zpontja, \u00e9s innen ir\u00e1ny\u00edtott\u00e1k a t\u00e9rs\u00e9g szocialista t\u00edpus\u00fa \u00e1talak\u00edt\u00e1s\u00e1t. 1952-t\u0151l V\u00e1s\u00e1rhely a Magyar Auton\u00f3m Tartom\u00e1ny, majd a Maros-Magyar Auton\u00f3m Tartom\u00e1ny k\u00f6zpontja lett. Sz\u00e1mos magyar kultur\u00e1lis-oktat\u00e1si int\u00e9zm\u00e9ny j\u00f6tt l\u00e9tre a v\u00e1rosban, mint p\u00e9ld\u00e1ul a Sz\u00e9kely Sz\u00ednh\u00e1z (ma \u00c1llami Sz\u00ednh\u00e1z), a Filharm\u00f3nia, a Sz\u00e9kely N\u00e9pi Egy\u00fcttes (ma Maros M\u0171v\u00e9szegy\u00fcttes), vagy a Marosv\u00e1s\u00e1rhelyi Orvosi \u00e9s Gy\u00f3gyszer\u00e9szeti Egyetem. Majd az 1968-as k\u00f6zigazgat\u00e1si \u00e1trendez\u00e9s k\u00f6vetkezt\u00e9ben V\u00e1s\u00e1rhely egy kisebb r\u00e9gi\u00f3, Maros megye k\u00f6zpontja lesz.<\/p>\n\n\n\n<p style=\"margin-top:14px;margin-bottom:14px\">A szocialista id\u0151szakban jelent\u0151s gazdas\u00e1gi beruh\u00e1z\u00e1sokat hajtottak v\u00e9gre a telep\u00fcl\u00e9sen, t\u00f6bbek k\u00f6z\u00f6tt ekkor \u00e9p\u00fclt a vegyipari kombin\u00e1t is, amely mind a mai napig szennyezi a v\u00e1ros \u00e9s a k\u00f6rnyez\u0151 telep\u00fcl\u00e9sek leveg\u0151j\u00e9t. Az er\u0151ltetett iparos\u00edt\u00e1s a v\u00e1ros demogr\u00e1fiai k\u00e9p\u00e9t is \u00e1talak\u00edtotta, a magyar lakoss\u00e1g ar\u00e1nya V\u00e1s\u00e1rhelyen folyamatosan cs\u00f6kkent ebben az id\u0151szakban.<\/p>\n\n\n\n<p style=\"margin-top:14px;margin-bottom:14px\">Az 1989-es rendszerv\u00e1lt\u00e1st k\u00f6vet\u0151en a v\u00e1ros az erd\u00e9lyi magyar k\u00f6z\u00f6ss\u00e9g politikai-kultur\u00e1lis szervez\u0151d\u00e9s\u00e9nek egyik k\u00f6zpontja lett. De ezzel p\u00e1rhuzamosan felsz\u00ednre ker\u00fcltek azok az elfojtott ellent\u00e9tek is, amelyek a v\u00e1rosban lak\u00f3 k\u00fcl\u00f6nb\u00f6z\u0151 etnikumok k\u00f6z\u00f6tt h\u00faz\u00f3dtak, \u00e9s ezek az ellent\u00e9tek a fekete m\u00e1rcius esem\u00e9nyeiben teljesedtek ki. Ezek a m\u00e1rciusi t\u00f6rt\u00e9n\u00e9sek m\u00e9g hossz\u00fa ideig r\u00e1nyomt\u00e1k b\u00e9lyeg\u00fcket a magyar \u00e9s rom\u00e1n k\u00f6z\u00f6ss\u00e9gek kapcsolat\u00e1ra \u00e9s a v\u00e1ros demogr\u00e1fiai fejl\u0151d\u00e9s\u00e9re.<\/p>\n\n\n\n<p style=\"margin-top:14px;margin-bottom:14px\">Ma Marosv\u00e1s\u00e1rhely egy lassan fejl\u0151d\u0151, csendes, k\u00f6zepes m\u00e9ret\u0171 erd\u00e9lyi telep\u00fcl\u00e9s, amely jelenleg is a legnagyobb magyar lakoss\u00e1ggal rendelkez\u0151 rom\u00e1niai v\u00e1ros.<\/p>\n<\/div><\/div>\n\n\n\n<p><\/p>\n","protected":false},"excerpt":{"rendered":"<p>Sz\u00e9kelyv\u00e1s\u00e1rhelyt\u0151l Marosv\u00e1s\u00e1rhelyig Marosv\u00e1s\u00e1rhely Maros megye k\u00f6zigazgat\u00e1si k\u00f6zpontja \u00e9s egyben legn\u00e9pesebb v\u00e1rosa. Az egykoron Sz\u00e9kelyv\u00e1s\u00e1rhelyk\u00e9nt ismert telep\u00fcl\u00e9s az Erd\u00e9lyi-medence k\u00f6zponti r\u00e9sz\u00e9n, a Mez\u0151s\u00e9g \u00e9s a K\u00fck\u00fcll\u0151k dombvid\u00e9k\u00e9nek tal\u00e1lkoz\u00e1s\u00e1n\u00e1l j\u00f6tt l\u00e9tre, a Sz\u00e9kelyf\u00f6ld \u00e9szaki perem\u00e9n. Kialakul\u00e1s\u00e1ban fontos szerepet j\u00e1tszott a Maros foly\u00f3, amelynek k\u00f6zels\u00e9ge biztos\u00edtotta az emberi k\u00f6z\u00f6ss\u00e9gek fennmarad\u00e1shoz elengedhetetlen v\u00edzell\u00e1t\u00e1st. Ezenk\u00edv\u00fcl a Sz\u00e1szr\u00e9gen, Segesv\u00e1r \u00e9s Kolozsv\u00e1r&#8230;<\/p>\n","protected":false},"author":1,"featured_media":0,"parent":0,"menu_order":0,"comment_status":"closed","ping_status":"closed","template":"","meta":{"_kad_blocks_custom_css":"","_kad_blocks_head_custom_js":"","_kad_blocks_body_custom_js":"","_kad_blocks_footer_custom_js":"","_kadence_starter_templates_imported_post":false,"_kad_post_transparent":"","_kad_post_title":"","_kad_post_layout":"","_kad_post_sidebar_id":"","_kad_post_content_style":"","_kad_post_vertical_padding":"","_kad_post_feature":"","_kad_post_feature_position":"","_kad_post_header":false,"_kad_post_footer":false,"footnotes":""},"class_list":["post-40","page","type-page","status-publish","hentry"],"taxonomy_info":[],"featured_image_src_large":false,"author_info":{"display_name":"suport","author_link":"https:\/\/bolyai.ro\/olimpiasz\/matek\/author\/suport\/"},"comment_info":0,"_links":{"self":[{"href":"https:\/\/bolyai.ro\/olimpiasz\/matek\/wp-json\/wp\/v2\/pages\/40","targetHints":{"allow":["GET"]}}],"collection":[{"href":"https:\/\/bolyai.ro\/olimpiasz\/matek\/wp-json\/wp\/v2\/pages"}],"about":[{"href":"https:\/\/bolyai.ro\/olimpiasz\/matek\/wp-json\/wp\/v2\/types\/page"}],"author":[{"embeddable":true,"href":"https:\/\/bolyai.ro\/olimpiasz\/matek\/wp-json\/wp\/v2\/users\/1"}],"replies":[{"embeddable":true,"href":"https:\/\/bolyai.ro\/olimpiasz\/matek\/wp-json\/wp\/v2\/comments?post=40"}],"version-history":[{"count":0,"href":"https:\/\/bolyai.ro\/olimpiasz\/matek\/wp-json\/wp\/v2\/pages\/40\/revisions"}],"wp:attachment":[{"href":"https:\/\/bolyai.ro\/olimpiasz\/matek\/wp-json\/wp\/v2\/media?parent=40"}],"curies":[{"name":"wp","href":"https:\/\/api.w.org\/{rel}","templated":true}]}}