{"id":450,"date":"2025-04-17T09:54:46","date_gmt":"2025-04-17T09:54:46","guid":{"rendered":"https:\/\/bolyai.ro\/olimpiasz\/matek\/?page_id=450"},"modified":"2025-04-27T19:32:22","modified_gmt":"2025-04-27T19:32:22","slug":"kozponti-bizottsag-2","status":"publish","type":"page","link":"https:\/\/bolyai.ro\/olimpiasz\/matek\/kozponti-bizottsag-2\/","title":{"rendered":"K\u00f6zponti bizotts\u00e1g"},"content":{"rendered":"\n<p style=\"border-radius:0px\"><\/p>\n\n\n<style>.kt-tabs-id450_c7610c-a4 > .kt-tabs-content-wrap > .wp-block-kadence-tab{border-top:1px solid #bcbcbc;border-right:1px solid #bcbcbc;border-bottom:1px solid #bcbcbc;border-left:1px solid #bcbcbc;border-top-left-radius:0px;border-top-right-radius:0px;border-bottom-right-radius:0px;border-bottom-left-radius:0px;padding-top:var(--global-kb-spacing-sm, 1.5rem);padding-right:var(--global-kb-spacing-sm, 1.5rem);padding-bottom:var(--global-kb-spacing-sm, 1.5rem);padding-left:var(--global-kb-spacing-sm, 1.5rem);background:var(--global-palette9, #ffffff);}.wp-block-kadence-tabs .kt-tabs-id450_c7610c-a4 > .kt-tabs-title-list li{margin-top:0px;margin-right:8px;margin-bottom:-1px;margin-left:0px;}.wp-block-kadence-tabs .kt-tabs-id450_c7610c-a4 > .kt-tabs-title-list li:last-child{margin-right:0px;}.wp-block-kadence-tabs .kt-tabs-id450_c7610c-a4 > .kt-tabs-title-list li .kt-tab-title, .wp-block-kadence-tabs .kt-tabs-id450_c7610c-a4 > .kt-tabs-content-wrap > .kt-tabs-accordion-title .kt-tab-title{line-height:1.4em;font-weight:regular;font-style:normal;border-top-width:1px;border-right-width:1px;border-bottom-width:0px;border-left-width:1px;border-top-left-radius:4px;border-top-right-radius:4px;border-bottom-right-radius:0px;border-bottom-left-radius:0px;padding-top:8px;padding-right:20px;padding-bottom:8px;padding-left:20px;border-color:var(--global-palette9, #ffffff);color:var(--global-palette9, #ffffff);background:#bea25a;}.wp-block-kadence-tabs .kt-tabs-id450_c7610c-a4 > .kt-tabs-content-wrap > .kt-tabs-accordion-title .kt-tab-title{margin-top:0px;margin-right:8px;margin-bottom:-1px;margin-left:0px;}.wp-block-kadence-tabs .kt-tabs-id450_c7610c-a4 > .kt-tabs-title-list li .kt-tab-title:hover, .wp-block-kadence-tabs .kt-tabs-id450_c7610c-a4 > .kt-tabs-content-wrap > .kt-tabs-accordion-title .kt-tab-title:hover{border-color:#947f46;color:#947f46;background:var(--global-palette9, #ffffff);}.wp-block-kadence-tabs .kt-tabs-id450_c7610c-a4 > .kt-tabs-title-list li.kt-tab-title-active .kt-tab-title, .wp-block-kadence-tabs .kt-tabs-id450_c7610c-a4 > .kt-tabs-content-wrap > .kt-tabs-accordion-title.kt-tab-title-active .kt-tab-title{border-color:#947f46;color:#947f46;background:var(--global-palette9, #ffffff);}@media all and (max-width: 1024px){.kt-tabs-id450_c7610c-a4 > .kt-tabs-content-wrap > .wp-block-kadence-tab{border-top:1px solid #bcbcbc;border-right:1px solid #bcbcbc;border-bottom:1px solid #bcbcbc;border-left:1px solid #bcbcbc;}}@media all and (max-width: 767px){.kt-tabs-id450_c7610c-a4 > .kt-tabs-content-wrap > .wp-block-kadence-tab{border-top:1px solid #bcbcbc;border-right:1px solid #bcbcbc;border-bottom:1px solid #bcbcbc;border-left:1px solid #bcbcbc;}}<\/style>\n<div class=\"wp-block-kadence-tabs alignnone\"><div class=\"kt-tabs-wrap kt-tabs-id450_c7610c-a4 kt-tabs-has-1-tabs kt-active-tab-1 kt-tabs-layout-tabs kt-tabs-tablet-layout-inherit kt-tabs-mobile-layout-inherit kt-tab-alignment-left \"><ul class=\"kt-tabs-title-list\"><li id=\"tab-kzpontibizottsg\" class=\"kt-title-item kt-title-item-1 kt-tabs-svg-show-always kt-tabs-icon-side-right kt-tab-title-active\"><a href=\"#tab-kzpontibizottsg\" data-tab=\"1\" class=\"kt-tab-title kt-tab-title-1 \"><span class=\"kt-title-text\">K\u00f6zponti bizotts\u00e1g<\/span><\/a><\/li><\/ul><div class=\"kt-tabs-content-wrap\">\n<div class=\"wp-block-kadence-tab kt-tab-inner-content kt-inner-tab-1 kt-inner-tabcd961c-e5\"><div class=\"kt-tab-inner-content-inner\"><style>.kb-table-container450_c99fa3-2e{overflow-x:auto;}.kb-table-container .kb-table450_c99fa3-2e th{padding-top:var(--global-kb-spacing-xxs, 0.5rem);padding-right:var(--global-kb-spacing-xxs, 0.5rem);padding-bottom:var(--global-kb-spacing-xxs, 0.5rem);padding-left:var(--global-kb-spacing-xxs, 0.5rem);}.kb-table-container .kb-table450_c99fa3-2e td{padding-top:var(--global-kb-spacing-xxs, 0.5rem);padding-right:var(--global-kb-spacing-xxs, 0.5rem);padding-bottom:var(--global-kb-spacing-xxs, 0.5rem);padding-left:var(--global-kb-spacing-xxs, 0.5rem);}.kb-table-container .kb-table450_c99fa3-2e td, .kb-table450_c99fa3-2e th{border-top:1px solid var(--global-palette3, #1A202C);border-right:1px solid var(--global-palette3, #1A202C);border-bottom:1px solid var(--global-palette3, #1A202C);border-left:1px solid var(--global-palette3, #1A202C);}@media all and (max-width: 1024px){.kb-table-container .kb-table450_c99fa3-2e td, .kb-table450_c99fa3-2e th{border-top:1px solid var(--global-palette3, #1A202C);border-right:1px solid var(--global-palette3, #1A202C);border-bottom:1px solid var(--global-palette3, #1A202C);border-left:1px solid var(--global-palette3, #1A202C);}}@media all and (max-width: 767px){.kb-table-container .kb-table450_c99fa3-2e td, .kb-table450_c99fa3-2e th{border-top:1px solid var(--global-palette3, #1A202C);border-right:1px solid var(--global-palette3, #1A202C);border-bottom:1px solid var(--global-palette3, #1A202C);border-left:1px solid var(--global-palette3, #1A202C);}}<\/style><div class=\"kb-table-container kb-table-container450_c99fa3-2e wp-block-kadence-table\"><table class=\"kb-table kb-table450_c99fa3-2e\">\n<tr class=\"kb-table-row kb-table-row450_4a161a-e2\">\n<td class=\"kb-table-data kb-table-data450_e16b14-08\">\n\n<p class=\"has-text-align-center\"><strong>Sorsz\u00e1m<\/strong><\/p>\n\n<\/450_e16b14-08>\n\n<td class=\"kb-table-data kb-table-data450_919173-39\">\n\n<p class=\"has-text-align-center\"><strong>Funkci\u00f3<\/strong><\/p>\n\n<\/450_919173-39>\n\n<td class=\"kb-table-data kb-table-data450_50e23b-1e\">\n\n<p class=\"has-text-align-center\"><strong>N\u00e9v<\/strong><\/p>\n\n<\/450_50e23b-1e>\n\n<td class=\"kb-table-data kb-table-data450_bfca07-a9\">\n\n<p class=\"has-text-align-center\"><strong>Megye<\/strong><\/p>\n\n<\/450_bfca07-a9>\n\n<td class=\"kb-table-data kb-table-data450_c7f64c-f4\">\n\n<p class=\"has-text-align-center\"><strong>Int\u00e9zm\u00e9ny<\/strong><\/p>\n\n<\/450_c7f64c-f4>\n<\/tr>\n\n<tr class=\"kb-table-row kb-table-row450_ac8647-20\">\n<td class=\"kb-table-data kb-table-data450_b4a423-76\">\n\n<p class=\"has-text-align-center\">1<\/p>\n\n<\/450_b4a423-76>\n\n<td class=\"kb-table-data kb-table-data450_8f7f52-fc\">\n\n<p class=\"has-text-align-center\">Eln\u00f6k<\/p>\n\n<\/450_8f7f52-fc>\n\n<td class=\"kb-table-data kb-table-data450_336c1c-ee\">\n\n<p class=\"has-text-align-center\">Dr. D\u00e1vid L\u00e1szl\u00f3<\/p>\n\n<\/450_336c1c-ee>\n\n<td class=\"kb-table-data kb-table-data450_7d3bb3-4a\">\n\n<p class=\"has-text-align-center\">Maros<\/p>\n\n<\/450_7d3bb3-4a>\n\n<td class=\"kb-table-data kb-table-data450_e81252-4a\">\n\n<p class=\"has-text-align-center\">Sapientia EMTE, Marosv\u00e1s\u00e1rhely<\/p>\n\n<\/450_e81252-4a>\n<\/tr>\n\n<tr class=\"kb-table-row kb-table-row450_86d1f3-f4\">\n<td class=\"kb-table-data kb-table-data450_883e3d-e1\">\n\n<p class=\"has-text-align-center\">2<\/p>\n\n<\/450_883e3d-e1>\n\n<td class=\"kb-table-data kb-table-data450_3b5a44-21\">\n\n<p class=\"has-text-align-center\">\u00dcgyvezet\u0151 eln\u00f6k<\/p>\n\n<\/450_3b5a44-21>\n\n<td class=\"kb-table-data kb-table-data450_8a7799-82\">\n\n<p class=\"has-text-align-center\">Fodor Alexandru-Iosif<\/p>\n\n<\/450_8a7799-82>\n\n<td class=\"kb-table-data kb-table-data450_6ea997-f9\">\n\n<p class=\"has-text-align-center\">Maros<\/p>\n\n<\/450_6ea997-f9>\n\n<td class=\"kb-table-data kb-table-data450_a7a24d-8a\">\n\n<p class=\"has-text-align-center\">Marosv\u00e1s\u00e1rhely-i Tan\u00e1ri Test\u00fclet H\u00e1za<\/p>\n\n<\/450_a7a24d-8a>\n<\/tr>\n\n<tr class=\"kb-table-row kb-table-row450_923287-61\">\n<td class=\"kb-table-data kb-table-data450_8d1bdf-3a\">\n\n<p class=\"has-text-align-center\">3<\/p>\n\n<\/450_8d1bdf-3a>\n\n<td class=\"kb-table-data kb-table-data450_f9b629-7e\">\n\n<p class=\"has-text-align-center\">Aleln\u00f6k<\/p>\n\n<\/450_f9b629-7e>\n\n<td class=\"kb-table-data kb-table-data450_12a95c-26\">\n\n<p class=\"has-text-align-center\">D\u0103r\u0103ban Paula-Maria<\/p>\n\n<\/450_12a95c-26>\n\n<td class=\"kb-table-data kb-table-data450_dbd83d-61\">\n\n<p class=\"has-text-align-center\">Maros<\/p>\n\n<\/450_dbd83d-61>\n\n<td class=\"kb-table-data kb-table-data450_f4b9eb-f0\">\n\n<p class=\"has-text-align-center\">Maros Megyei Tanfel\u00fcgyel\u0151s\u00e9g<\/p>\n\n<\/450_f4b9eb-f0>\n<\/tr>\n\n<tr class=\"kb-table-row kb-table-row450_691455-13\">\n<td class=\"kb-table-data kb-table-data450_59c2e5-7e\">\n\n<p class=\"has-text-align-center\">4<\/p>\n\n<\/450_59c2e5-7e>\n\n<td class=\"kb-table-data kb-table-data450_d96a7a-4c\">\n\n<p class=\"has-text-align-center\">Aleln\u00f6k<\/p>\n\n<\/450_d96a7a-4c>\n\n<td class=\"kb-table-data kb-table-data450_cf4536-2a\">\n\n<p class=\"has-text-align-center\">Dr. Farkas Csaba<\/p>\n\n<\/450_cf4536-2a>\n\n<td class=\"kb-table-data kb-table-data450_9fe419-12\">\n\n<p class=\"has-text-align-center\">Maros<\/p>\n\n<\/450_9fe419-12>\n\n<td class=\"kb-table-data kb-table-data450_69b137-46\">\n\n<p class=\"has-text-align-center\">Sapientia EMTE, Marosv\u00e1s\u00e1rhely<\/p>\n\n<\/450_69b137-46>\n<\/tr>\n\n<tr class=\"kb-table-row kb-table-row450_8cc496-3e\">\n<td class=\"kb-table-data kb-table-data450_9d5452-2d\">\n\n<p class=\"has-text-align-center\">5<\/p>\n\n<\/450_9d5452-2d>\n\n<td class=\"kb-table-data kb-table-data450_e36230-db\">\n\n<p class=\"has-text-align-center\">Aleln\u00f6k<\/p>\n\n<\/450_e36230-db>\n\n<td class=\"kb-table-data kb-table-data450_6687fd-6d\">\n\n<p class=\"has-text-align-center\">M\u00e1t\u00e9fi Istv\u00e1n<\/p>\n\n<\/450_6687fd-6d>\n\n<td class=\"kb-table-data kb-table-data450_96f74a-2c\">\n\n<p class=\"has-text-align-center\">Maros<\/p>\n\n<\/450_96f74a-2c>\n\n<td class=\"kb-table-data kb-table-data450_5ab761-ae\">\n\n<p class=\"has-text-align-center\">Bolyai Farkas Elm\u00e9leti L\u00edceum, Marosv\u00e1s\u00e1rhely<\/p>\n\n<\/450_5ab761-ae>\n<\/tr>\n\n<tr class=\"kb-table-row kb-table-row450_041183-44\">\n<td class=\"kb-table-data kb-table-data450_997aeb-a1\">\n\n<p class=\"has-text-align-center\">6<\/p>\n\n<\/450_997aeb-a1>\n\n<td class=\"kb-table-data kb-table-data450_9404f8-b1\">\n\n<p class=\"has-text-align-center\">Titk\u00e1r<\/p>\n\n<\/450_9404f8-b1>\n\n<td class=\"kb-table-data kb-table-data450_b81f3e-c5\">\n\n<p class=\"has-text-align-center\">Sz\u00e1sz Szil\u00e1rd<\/p>\n\n<\/450_b81f3e-c5>\n\n<td class=\"kb-table-data kb-table-data450_5610d0-cd\">\n\n<p class=\"has-text-align-center\">Maros<\/p>\n\n<\/450_5610d0-cd>\n\n<td class=\"kb-table-data kb-table-data450_502b37-af\">\n\n<p class=\"has-text-align-center\">Bolyai Farkas Elm\u00e9leti L\u00edceum, Marosv\u00e1s\u00e1rhely<\/p>\n\n<\/450_502b37-af>\n<\/tr>\n\n<tr class=\"kb-table-row kb-table-row450_20c2c2-03\">\n<td class=\"kb-table-data kb-table-data450_a03813-14\">\n\n<p class=\"has-text-align-center\">7<\/p>\n\n<\/450_a03813-14>\n\n<td class=\"kb-table-data kb-table-data450_d67550-ea\">\n\n<p class=\"has-text-align-center\">Titk\u00e1r<\/p>\n\n<\/450_d67550-ea>\n\n<td class=\"kb-table-data kb-table-data450_01feb7-6a\">\n\n<p class=\"has-text-align-center\">Nagy Zsuzsanna T\u00edmea<\/p>\n\n<\/450_01feb7-6a>\n\n<td class=\"kb-table-data kb-table-data450_99cc61-6b\">\n\n<p class=\"has-text-align-center\">Maros<\/p>\n\n<\/450_99cc61-6b>\n\n<td class=\"kb-table-data kb-table-data450_75ccbd-5f\">\n\n<p class=\"has-text-align-center\">Sapientia EMTE, Marosv\u00e1s\u00e1rhely<\/p>\n\n<\/450_75ccbd-5f>\n<\/tr>\n\n<tr class=\"kb-table-row kb-table-row450_fe6aca-ef\">\n<td class=\"kb-table-data kb-table-data450_08bad0-91\">\n\n<p class=\"has-text-align-center\">8<\/p>\n\n<\/450_08bad0-91>\n\n<td class=\"kb-table-data kb-table-data450_aac296-a1\">\n\n<p class=\"has-text-align-center\">Tag<\/p>\n\n<\/450_aac296-a1>\n\n<td class=\"kb-table-data kb-table-data450_1a5f6c-bf\">\n\n<p class=\"has-text-align-center\">Dr. Salamon J\u00falia<\/p>\n\n<\/450_1a5f6c-bf>\n\n<td class=\"kb-table-data kb-table-data450_a552e5-f3\">\n\n<p class=\"has-text-align-center\">Maros<\/p>\n\n<\/450_a552e5-f3>\n\n<td class=\"kb-table-data kb-table-data450_4c5dd1-9b\">\n\n<p class=\"has-text-align-center\">Sapientia EMTE, Marosv\u00e1s\u00e1rhely<\/p>\n\n<\/450_4c5dd1-9b>\n<\/tr>\n\n<tr class=\"kb-table-row kb-table-row450_fa3e16-e6\">\n<td class=\"kb-table-data kb-table-data450_e9e41e-dd\">\n\n<p class=\"has-text-align-center\">9<\/p>\n\n<\/450_e9e41e-dd>\n\n<td class=\"kb-table-data kb-table-data450_6b6a26-2b\">\n\n<p class=\"has-text-align-center\">Tag<\/p>\n\n<\/450_6b6a26-2b>\n\n<td class=\"kb-table-data kb-table-data450_84dbc2-b8\">\n\n<p class=\"has-text-align-center\">Dr. Sz\u00e1sz R\u00f3bert<\/p>\n\n<\/450_84dbc2-b8>\n\n<td class=\"kb-table-data kb-table-data450_7e9623-87\">\n\n<p class=\"has-text-align-center\">Maros<\/p>\n\n<\/450_7e9623-87>\n\n<td class=\"kb-table-data kb-table-data450_bc293c-da\">\n\n<p class=\"has-text-align-center\">Sapientia EMTE, Marosv\u00e1s\u00e1rhely<\/p>\n\n<\/450_bc293c-da>\n<\/tr>\n\n<tr class=\"kb-table-row kb-table-row450_952993-3d\">\n<td class=\"kb-table-data kb-table-data450_c6e573-21\">\n\n<p class=\"has-text-align-center\">10<\/p>\n\n<\/450_c6e573-21>\n\n<td class=\"kb-table-data kb-table-data450_d23716-23\">\n\n<p class=\"has-text-align-center\">Tag<\/p>\n\n<\/450_d23716-23>\n\n<td class=\"kb-table-data kb-table-data450_5bf9aa-4f\">\n\n<p class=\"has-text-align-center\">Dr. Horobe\u021b Emil<\/p>\n\n<\/450_5bf9aa-4f>\n\n<td class=\"kb-table-data kb-table-data450_51254b-d2\">\n\n<p class=\"has-text-align-center\">Maros<\/p>\n\n<\/450_51254b-d2>\n\n<td class=\"kb-table-data kb-table-data450_93cbb4-ce\">\n\n<p class=\"has-text-align-center\">Sapientia EMTE, Marosv\u00e1s\u00e1rhely<\/p>\n\n<\/450_93cbb4-ce>\n<\/tr>\n\n<tr class=\"kb-table-row kb-table-row450_df62c8-2f\">\n<td class=\"kb-table-data kb-table-data450_ceda88-50\">\n\n<p class=\"has-text-align-center\">11<\/p>\n\n<\/450_ceda88-50>\n\n<td class=\"kb-table-data kb-table-data450_ffc119-1b\">\n\n<p class=\"has-text-align-center\">Tag<\/p>\n\n<\/450_ffc119-1b>\n\n<td class=\"kb-table-data kb-table-data450_51e48e-61\">\n\n<p class=\"has-text-align-center\">Dr. Kup\u00e1n P\u00e1l<\/p>\n\n<\/450_51e48e-61>\n\n<td class=\"kb-table-data kb-table-data450_370b60-a2\">\n\n<p class=\"has-text-align-center\">Maros<\/p>\n\n<\/450_370b60-a2>\n\n<td class=\"kb-table-data kb-table-data450_f5ee8f-04\">\n\n<p class=\"has-text-align-center\">Sapientia EMTE, Marosv\u00e1s\u00e1rhely<\/p>\n\n<\/450_f5ee8f-04>\n<\/tr>\n\n<tr class=\"kb-table-row kb-table-row450_0c582a-38\">\n<td class=\"kb-table-data kb-table-data450_ab69e2-53\">\n\n<p class=\"has-text-align-center\">12<\/p>\n\n<\/450_ab69e2-53>\n\n<td class=\"kb-table-data kb-table-data450_a0846f-7e\">\n\n<p class=\"has-text-align-center\">Tag<\/p>\n\n<\/450_a0846f-7e>\n\n<td class=\"kb-table-data kb-table-data450_d358fa-e7\">\n\n<p class=\"has-text-align-center\">P\u00e1lfi Anetta<\/p>\n\n<\/450_d358fa-e7>\n\n<td class=\"kb-table-data kb-table-data450_12286f-29\">\n\n<p class=\"has-text-align-center\">Arad<\/p>\n\n<\/450_12286f-29>\n\n<td class=\"kb-table-data kb-table-data450_74ed96-9b\">\n\n<p class=\"has-text-align-center\">Csiky Gergely F\u0151gimn\u00e1zium, Arad<\/p>\n\n<\/450_74ed96-9b>\n<\/tr>\n\n<tr class=\"kb-table-row kb-table-row450_b317b7-33\">\n<td class=\"kb-table-data kb-table-data450_268c3e-4d\">\n\n<p class=\"has-text-align-center\">13<\/p>\n\n<\/450_268c3e-4d>\n\n<td class=\"kb-table-data kb-table-data450_88bdb7-9e\">\n\n<p class=\"has-text-align-center\">Tag<\/p>\n\n<\/450_88bdb7-9e>\n\n<td class=\"kb-table-data kb-table-data450_bb60b0-c9\">\n\n<p class=\"has-text-align-center\">Hodgyai Edit<\/p>\n\n<\/450_bb60b0-c9>\n\n<td class=\"kb-table-data kb-table-data450_8d29e0-ba\">\n\n<p class=\"has-text-align-center\">Bihar<\/p>\n\n<\/450_8d29e0-ba>\n\n<td class=\"kb-table-data kb-table-data450_f7eb2b-3c\">\n\n<p class=\"has-text-align-center\">Miskolczy K\u00e1roly \u00c1ltal\u00e1nos Iskola, Micske<\/p>\n\n<\/450_f7eb2b-3c>\n<\/tr>\n\n<tr class=\"kb-table-row kb-table-row450_a974ea-f7\">\n<td class=\"kb-table-data kb-table-data450_b26534-f4\">\n\n<p class=\"has-text-align-center\">14<\/p>\n\n<\/450_b26534-f4>\n\n<td class=\"kb-table-data kb-table-data450_404734-da\">\n\n<p class=\"has-text-align-center\">Tag<\/p>\n\n<\/450_404734-da>\n\n<td class=\"kb-table-data kb-table-data450_9d6f12-58\">\n\n<p class=\"has-text-align-center\">Fodor Erika<\/p>\n\n<\/450_9d6f12-58>\n\n<td class=\"kb-table-data kb-table-data450_7e88b9-11\">\n\n<p class=\"has-text-align-center\">Beszterce-Nasz\u00f3d<\/p>\n\n<\/450_7e88b9-11>\n\n<td class=\"kb-table-data kb-table-data450_9c52e7-dc\">\n\n<p class=\"has-text-align-center\">Andrei Mure\u0219anu F\u0151gimn\u00e1zium, Beszterce<\/p>\n\n<\/450_9c52e7-dc>\n<\/tr>\n\n<tr class=\"kb-table-row kb-table-row450_d82391-1e\">\n<td class=\"kb-table-data kb-table-data450_2ad3bd-10\">\n\n<p class=\"has-text-align-center\">15<\/p>\n\n<\/450_2ad3bd-10>\n\n<td class=\"kb-table-data kb-table-data450_4029df-15\">\n\n<p class=\"has-text-align-center\">Tag<\/p>\n\n<\/450_4029df-15>\n\n<td class=\"kb-table-data kb-table-data450_7a2383-86\">\n\n<p class=\"has-text-align-center\">Papp Ilonka<\/p>\n\n<\/450_7a2383-86>\n\n<td class=\"kb-table-data kb-table-data450_ac6f91-0f\">\n\n<p class=\"has-text-align-center\">Brass\u00f3<\/p>\n\n<\/450_ac6f91-0f>\n\n<td class=\"kb-table-data kb-table-data450_6db0ae-a6\">\n\n<p class=\"has-text-align-center\">\u00c1prily Lajos F\u0151gimn\u00e1zium, Brass\u00f3<\/p>\n\n<\/450_6db0ae-a6>\n<\/tr>\n\n<tr class=\"kb-table-row kb-table-row450_9243e8-03\">\n<td class=\"kb-table-data kb-table-data450_3e06a4-03\">\n\n<p class=\"has-text-align-center\">16<\/p>\n\n<\/450_3e06a4-03>\n\n<td class=\"kb-table-data kb-table-data450_8a4382-43\">\n\n<p class=\"has-text-align-center\">Tag<\/p>\n\n<\/450_8a4382-43>\n\n<td class=\"kb-table-data kb-table-data450_4558b6-ea\">\n\n<p class=\"has-text-align-center\">Kassay S\u00e1ndor<\/p>\n\n<\/450_4558b6-ea>\n\n<td class=\"kb-table-data kb-table-data450_2dbce3-e9\">\n\n<p class=\"has-text-align-center\">Kolozs<\/p>\n\n<\/450_2dbce3-e9>\n\n<td class=\"kb-table-data kb-table-data450_6a6c49-8c\">\n\n<p class=\"has-text-align-center\">B\u00e1thory Istv\u00e1n Elm\u00e9leti L\u00edceum, Kolozsv\u00e1r<\/p>\n\n<\/450_6a6c49-8c>\n<\/tr>\n\n<tr class=\"kb-table-row kb-table-row450_5e5911-c4\">\n<td class=\"kb-table-data kb-table-data450_edb306-e3\">\n\n<p class=\"has-text-align-center\">17<\/p>\n\n<\/450_edb306-e3>\n\n<td class=\"kb-table-data kb-table-data450_5dda71-d3\">\n\n<p class=\"has-text-align-center\">Tag<\/p>\n\n<\/450_5dda71-d3>\n\n<td class=\"kb-table-data kb-table-data450_84f01e-80\">\n\n<p class=\"has-text-align-center\">M\u00e1th\u00e9 Attila-Istv\u00e1n<\/p>\n\n<\/450_84f01e-80>\n\n<td class=\"kb-table-data kb-table-data450_02f0b2-0d\">\n\n<p class=\"has-text-align-center\">Kov\u00e1szna<\/p>\n\n<\/450_02f0b2-0d>\n\n<td class=\"kb-table-data kb-table-data450_9055c2-58\">\n\n<p class=\"has-text-align-center\">Mikes Kelemen Elm\u00e9leti L\u00edceum, Sepsiszentgy\u00f6rgy<\/p>\n\n<\/450_9055c2-58>\n<\/tr>\n\n<tr class=\"kb-table-row kb-table-row450_cb96b7-4a\">\n<td class=\"kb-table-data kb-table-data450_d7bcd4-bd\">\n\n<p class=\"has-text-align-center\">18<\/p>\n\n<\/450_d7bcd4-bd>\n\n<td class=\"kb-table-data kb-table-data450_61959f-37\">\n\n<p class=\"has-text-align-center\">Tag<\/p>\n\n<\/450_61959f-37>\n\n<td class=\"kb-table-data kb-table-data450_4a0f44-73\">\n\n<p class=\"has-text-align-center\">Kocsis Attila Levente<\/p>\n\n<\/450_4a0f44-73>\n\n<td class=\"kb-table-data kb-table-data450_fb7d6f-ca\">\n\n<p class=\"has-text-align-center\">Hunyad<\/p>\n\n<\/450_fb7d6f-ca>\n\n<td class=\"kb-table-data kb-table-data450_c68620-0c\">\n\n<p class=\"has-text-align-center\">T\u00e9gl\u00e1s G\u00e1bor Elm\u00e9leti L\u00edceum, D\u00e9va<\/p>\n\n<\/450_c68620-0c>\n<\/tr>\n\n<tr class=\"kb-table-row kb-table-row450_08e7d2-ea\">\n<td class=\"kb-table-data kb-table-data450_2d717b-e4\">\n\n<p class=\"has-text-align-center\">19<\/p>\n\n<\/450_2d717b-e4>\n\n<td class=\"kb-table-data kb-table-data450_0d6669-aa\">\n\n<p class=\"has-text-align-center\">Tag<\/p>\n\n<\/450_0d6669-aa>\n\n<td class=\"kb-table-data kb-table-data450_df035b-7f\">\n\n<p class=\"has-text-align-center\">Cs\u00e1sz\u00e1r S\u00e1ndor<\/p>\n\n<\/450_df035b-7f>\n\n<td class=\"kb-table-data kb-table-data450_852b97-cf\">\n\n<p class=\"has-text-align-center\">Hargita<\/p>\n\n<\/450_852b97-cf>\n\n<td class=\"kb-table-data kb-table-data450_216da4-6f\">\n\n<p class=\"has-text-align-center\">Seg\u00edt\u0151 M\u00e1ria R\u00f3mai Katolikus Gimn\u00e1zium, Cs\u00edkszereda<\/p>\n\n<\/450_216da4-6f>\n<\/tr>\n\n<tr class=\"kb-table-row kb-table-row450_ef597f-44\">\n<td class=\"kb-table-data kb-table-data450_5897fa-3f\">\n\n<p class=\"has-text-align-center\">20<\/p>\n\n<\/450_5897fa-3f>\n\n<td class=\"kb-table-data kb-table-data450_40ef32-51\">\n\n<p class=\"has-text-align-center\">Tag<\/p>\n\n<\/450_40ef32-51>\n\n<td class=\"kb-table-data kb-table-data450_9b5996-7e\">\n\n<p class=\"has-text-align-center\">Mastan Eliza<\/p>\n\n<\/450_9b5996-7e>\n\n<td class=\"kb-table-data kb-table-data450_a31a61-cb\">\n\n<p class=\"has-text-align-center\">M\u00e1ramaros<\/p>\n\n<\/450_a31a61-cb>\n\n<td class=\"kb-table-data kb-table-data450_0fd4b9-95\">\n\n<p class=\"has-text-align-center\">N\u00e9meth L\u00e1szl\u00f3 Elm\u00e9leti L\u00edceum, Nagyb\u00e1nya<\/p>\n\n<\/450_0fd4b9-95>\n<\/tr>\n\n<tr class=\"kb-table-row kb-table-row450_1f8a9c-74\">\n<td class=\"kb-table-data kb-table-data450_f39650-7e\">\n\n<p class=\"has-text-align-center\">21<\/p>\n\n<\/450_f39650-7e>\n\n<td class=\"kb-table-data kb-table-data450_bffb14-5e\">\n\n<p class=\"has-text-align-center\">Tag<\/p>\n\n<\/450_bffb14-5e>\n\n<td class=\"kb-table-data kb-table-data450_d23426-27\">\n\n<p class=\"has-text-align-center\">T\u00f3th Csongor J\u00f3zsef<\/p>\n\n<\/450_d23426-27>\n\n<td class=\"kb-table-data kb-table-data450_11bd93-9b\">\n\n<p class=\"has-text-align-center\">Maros<\/p>\n\n<\/450_11bd93-9b>\n\n<td class=\"kb-table-data kb-table-data450_2f00da-a9\">\n\n<p class=\"has-text-align-center\">Domokos K\u00e1zm\u00e9r Szakk\u00f6z\u00e9piskola, Szov\u00e1ta<\/p>\n\n<\/450_2f00da-a9>\n<\/tr>\n\n<tr class=\"kb-table-row kb-table-row450_a54233-30\">\n<td class=\"kb-table-data kb-table-data450_fb4721-7f\">\n\n<p class=\"has-text-align-center\">22<\/p>\n\n<\/450_fb4721-7f>\n\n<td class=\"kb-table-data kb-table-data450_ed1e64-9a\">\n\n<p class=\"has-text-align-center\">Tag<\/p>\n\n<\/450_ed1e64-9a>\n\n<td class=\"kb-table-data kb-table-data450_8db761-aa\">\n\n<p class=\"has-text-align-center\">Faluv\u00e9gi Mel\u00e1nia<\/p>\n\n<\/450_8db761-aa>\n\n<td class=\"kb-table-data kb-table-data450_ff2d13-b6\">\n\n<p class=\"has-text-align-center\">Szil\u00e1gy<\/p>\n\n<\/450_ff2d13-b6>\n\n<td class=\"kb-table-data kb-table-data450_0a2efe-bf\">\n\n<p class=\"has-text-align-center\">Simion B\u0103rnu\u021biu \u00c1ltal\u00e1nos Iskola, Zilah<\/p>\n\n<\/450_0a2efe-bf>\n<\/tr>\n\n<tr class=\"kb-table-row kb-table-row450_ee4003-77\">\n<td class=\"kb-table-data kb-table-data450_127da9-df\">\n\n<p class=\"has-text-align-center\">23<\/p>\n\n<\/450_127da9-df>\n\n<td class=\"kb-table-data kb-table-data450_4af445-2a\">\n\n<p class=\"has-text-align-center\">Tag<\/p>\n\n<\/450_4af445-2a>\n\n<td class=\"kb-table-data kb-table-data450_48d4ce-f8\">\n\n<p class=\"has-text-align-center\">Schlachter Kinga<\/p>\n\n<\/450_48d4ce-f8>\n\n<td class=\"kb-table-data kb-table-data450_b01d68-28\">\n\n<p class=\"has-text-align-center\">Szatm\u00e1r<\/p>\n\n<\/450_b01d68-28>\n\n<td class=\"kb-table-data kb-table-data450_3d98de-93\">\n\n<p class=\"has-text-align-center\">Nagyk\u00e1roly-i Elm\u00e9leti L\u00edceum<\/p>\n\n<\/450_3d98de-93>\n<\/tr>\n<\/table><\/div><\/div><\/div>\n<\/div><\/div><\/div>\n\n\n\n<p><\/p>\n","protected":false},"excerpt":{"rendered":"","protected":false},"author":1,"featured_media":0,"parent":0,"menu_order":0,"comment_status":"closed","ping_status":"closed","template":"","meta":{"_kad_blocks_custom_css":"","_kad_blocks_head_custom_js":"","_kad_blocks_body_custom_js":"","_kad_blocks_footer_custom_js":"","_kadence_starter_templates_imported_post":false,"_kad_post_transparent":"","_kad_post_title":"","_kad_post_layout":"","_kad_post_sidebar_id":"","_kad_post_content_style":"","_kad_post_vertical_padding":"","_kad_post_feature":"","_kad_post_feature_position":"","_kad_post_header":false,"_kad_post_footer":false,"footnotes":""},"class_list":["post-450","page","type-page","status-publish","hentry"],"taxonomy_info":[],"featured_image_src_large":false,"author_info":{"display_name":"suport","author_link":"https:\/\/bolyai.ro\/olimpiasz\/matek\/author\/suport\/"},"comment_info":0,"_links":{"self":[{"href":"https:\/\/bolyai.ro\/olimpiasz\/matek\/wp-json\/wp\/v2\/pages\/450","targetHints":{"allow":["GET"]}}],"collection":[{"href":"https:\/\/bolyai.ro\/olimpiasz\/matek\/wp-json\/wp\/v2\/pages"}],"about":[{"href":"https:\/\/bolyai.ro\/olimpiasz\/matek\/wp-json\/wp\/v2\/types\/page"}],"author":[{"embeddable":true,"href":"https:\/\/bolyai.ro\/olimpiasz\/matek\/wp-json\/wp\/v2\/users\/1"}],"replies":[{"embeddable":true,"href":"https:\/\/bolyai.ro\/olimpiasz\/matek\/wp-json\/wp\/v2\/comments?post=450"}],"version-history":[{"count":30,"href":"https:\/\/bolyai.ro\/olimpiasz\/matek\/wp-json\/wp\/v2\/pages\/450\/revisions"}],"predecessor-version":[{"id":749,"href":"https:\/\/bolyai.ro\/olimpiasz\/matek\/wp-json\/wp\/v2\/pages\/450\/revisions\/749"}],"wp:attachment":[{"href":"https:\/\/bolyai.ro\/olimpiasz\/matek\/wp-json\/wp\/v2\/media?parent=450"}],"curies":[{"name":"wp","href":"https:\/\/api.w.org\/{rel}","templated":true}]}}