{"id":559,"date":"2025-04-24T11:08:26","date_gmt":"2025-04-24T11:08:26","guid":{"rendered":"https:\/\/bolyai.ro\/olimpiasz\/matek\/?page_id=559"},"modified":"2025-05-02T09:37:59","modified_gmt":"2025-05-02T09:37:59","slug":"feladatok-2","status":"publish","type":"page","link":"https:\/\/bolyai.ro\/olimpiasz\/matek\/feladatok-2\/","title":{"rendered":"Feladatok"},"content":{"rendered":"\n<p class=\"has-text-align-center\"><strong>V. oszt\u00e1ly feladatsora<\/strong><\/p>\n\n\n\n<div data-wp-interactive=\"core\/file\" class=\"wp-block-file\"><object data-wp-bind--hidden=\"!state.hasPdfPreview\" hidden class=\"wp-block-file__embed\" data=\"https:\/\/bolyai.ro\/olimpiasz\/matek\/wp-content\/uploads\/2025\/05\/I_05_tetel.pdf\" type=\"application\/pdf\" style=\"width:100%;height:600px\" aria-label=\"Embed of I_05_tetel.\"><\/object><a id=\"wp-block-file--media-4b3c93f7-d39d-46f4-9660-339f79ab67a1\" href=\"https:\/\/bolyai.ro\/olimpiasz\/matek\/wp-content\/uploads\/2025\/05\/I_05_tetel.pdf\">I_05_tetel<\/a><a href=\"https:\/\/bolyai.ro\/olimpiasz\/matek\/wp-content\/uploads\/2025\/05\/I_05_tetel.pdf\" class=\"wp-block-file__button wp-element-button\" download aria-describedby=\"wp-block-file--media-4b3c93f7-d39d-46f4-9660-339f79ab67a1\">Download<\/a><\/div>\n\n\n\n<p class=\"has-text-align-center\"><strong>VI. oszt\u00e1ly feladatsora<\/strong><\/p>\n\n\n\n<div data-wp-interactive=\"core\/file\" class=\"wp-block-file\"><object data-wp-bind--hidden=\"!state.hasPdfPreview\" hidden class=\"wp-block-file__embed\" data=\"https:\/\/bolyai.ro\/olimpiasz\/matek\/wp-content\/uploads\/2025\/05\/I_06_tetel.pdf\" type=\"application\/pdf\" style=\"width:100%;height:600px\" aria-label=\"Embed of I_06_tetel.\"><\/object><a id=\"wp-block-file--media-fd3b6b2f-4fad-463e-891d-1782bacce359\" href=\"https:\/\/bolyai.ro\/olimpiasz\/matek\/wp-content\/uploads\/2025\/05\/I_06_tetel.pdf\">I_06_tetel<\/a><a href=\"https:\/\/bolyai.ro\/olimpiasz\/matek\/wp-content\/uploads\/2025\/05\/I_06_tetel.pdf\" class=\"wp-block-file__button wp-element-button\" download aria-describedby=\"wp-block-file--media-fd3b6b2f-4fad-463e-891d-1782bacce359\">Download<\/a><\/div>\n\n\n\n<p class=\"has-text-align-center\"><strong>VII. oszt\u00e1ly feladatsora<\/strong><\/p>\n\n\n\n<div data-wp-interactive=\"core\/file\" class=\"wp-block-file\"><object data-wp-bind--hidden=\"!state.hasPdfPreview\" hidden class=\"wp-block-file__embed\" data=\"https:\/\/bolyai.ro\/olimpiasz\/matek\/wp-content\/uploads\/2025\/05\/I_07_tetel.pdf\" type=\"application\/pdf\" style=\"width:100%;height:600px\" aria-label=\"Embed of I_07_tetel.\"><\/object><a id=\"wp-block-file--media-6ffd3543-bf49-45bb-b3ff-8ade89d7532d\" href=\"https:\/\/bolyai.ro\/olimpiasz\/matek\/wp-content\/uploads\/2025\/05\/I_07_tetel.pdf\">I_07_tetel<\/a><a href=\"https:\/\/bolyai.ro\/olimpiasz\/matek\/wp-content\/uploads\/2025\/05\/I_07_tetel.pdf\" class=\"wp-block-file__button wp-element-button\" download aria-describedby=\"wp-block-file--media-6ffd3543-bf49-45bb-b3ff-8ade89d7532d\">Download<\/a><\/div>\n\n\n\n<p class=\"has-text-align-center\"><strong>VIII. oszt\u00e1ly feladatsora<\/strong><\/p>\n\n\n\n<div data-wp-interactive=\"core\/file\" class=\"wp-block-file\"><object data-wp-bind--hidden=\"!state.hasPdfPreview\" hidden class=\"wp-block-file__embed\" data=\"https:\/\/bolyai.ro\/olimpiasz\/matek\/wp-content\/uploads\/2025\/05\/I_08_tetel.pdf\" type=\"application\/pdf\" style=\"width:100%;height:600px\" aria-label=\"Embed of I_08_tetel.\"><\/object><a id=\"wp-block-file--media-b78fa7c4-8206-4d58-9c95-d8c95fd91db7\" href=\"https:\/\/bolyai.ro\/olimpiasz\/matek\/wp-content\/uploads\/2025\/05\/I_08_tetel.pdf\">I_08_tetel<\/a><a href=\"https:\/\/bolyai.ro\/olimpiasz\/matek\/wp-content\/uploads\/2025\/05\/I_08_tetel.pdf\" class=\"wp-block-file__button wp-element-button\" download aria-describedby=\"wp-block-file--media-b78fa7c4-8206-4d58-9c95-d8c95fd91db7\">Download<\/a><\/div>\n","protected":false},"excerpt":{"rendered":"<p>V. oszt\u00e1ly feladatsora VI. oszt\u00e1ly feladatsora VII. oszt\u00e1ly feladatsora VIII. oszt\u00e1ly feladatsora<\/p>\n","protected":false},"author":2,"featured_media":0,"parent":0,"menu_order":0,"comment_status":"closed","ping_status":"closed","template":"","meta":{"_kad_blocks_custom_css":"","_kad_blocks_head_custom_js":"","_kad_blocks_body_custom_js":"","_kad_blocks_footer_custom_js":"","_kadence_starter_templates_imported_post":false,"_kad_post_transparent":"","_kad_post_title":"","_kad_post_layout":"","_kad_post_sidebar_id":"","_kad_post_content_style":"","_kad_post_vertical_padding":"","_kad_post_feature":"","_kad_post_feature_position":"","_kad_post_header":false,"_kad_post_footer":false,"footnotes":""},"class_list":["post-559","page","type-page","status-publish","hentry"],"taxonomy_info":[],"featured_image_src_large":false,"author_info":{"display_name":"Tunde","author_link":"https:\/\/bolyai.ro\/olimpiasz\/matek\/author\/tunde\/"},"comment_info":0,"_links":{"self":[{"href":"https:\/\/bolyai.ro\/olimpiasz\/matek\/wp-json\/wp\/v2\/pages\/559","targetHints":{"allow":["GET"]}}],"collection":[{"href":"https:\/\/bolyai.ro\/olimpiasz\/matek\/wp-json\/wp\/v2\/pages"}],"about":[{"href":"https:\/\/bolyai.ro\/olimpiasz\/matek\/wp-json\/wp\/v2\/types\/page"}],"author":[{"embeddable":true,"href":"https:\/\/bolyai.ro\/olimpiasz\/matek\/wp-json\/wp\/v2\/users\/2"}],"replies":[{"embeddable":true,"href":"https:\/\/bolyai.ro\/olimpiasz\/matek\/wp-json\/wp\/v2\/comments?post=559"}],"version-history":[{"count":3,"href":"https:\/\/bolyai.ro\/olimpiasz\/matek\/wp-json\/wp\/v2\/pages\/559\/revisions"}],"predecessor-version":[{"id":886,"href":"https:\/\/bolyai.ro\/olimpiasz\/matek\/wp-json\/wp\/v2\/pages\/559\/revisions\/886"}],"wp:attachment":[{"href":"https:\/\/bolyai.ro\/olimpiasz\/matek\/wp-json\/wp\/v2\/media?parent=559"}],"curies":[{"name":"wp","href":"https:\/\/api.w.org\/{rel}","templated":true}]}}